{"id":11672,"date":"2021-03-03T17:43:36","date_gmt":"2021-03-03T17:43:36","guid":{"rendered":"http:\/\/dissegna.com\/servizi\/"},"modified":"2022-09-07T13:54:35","modified_gmt":"2022-09-07T13:54:35","slug":"services","status":"publish","type":"page","link":"https:\/\/www.dissegna.com\/fr\/services\/","title":{"rendered":"Services"},"content":{"rendered":"<section class=\"wpb-content-wrapper\"><p>[vc_section el_class=\u00a0\u00bbpadding-section\u00a0\u00bb css=\u00a0\u00bb.vc_custom_1621846378120{padding-bottom: 0px !important;}\u00a0\u00bb][vc_row row_content_width=\u00a0\u00bbgrid\u00a0\u00bb row_btt_skin=\u00a0\u00bblight\u00a0\u00bb row_background_text_position=\u00a0\u00bbfront\u00a0\u00bb css=\u00a0\u00bb.vc_custom_1620748799433{padding-bottom: 15px !important;}\u00a0\u00bb][vc_column]<div class=\"mkdf-section-title-holder  mkdf-st-standard mkdf-st-title-left mkdf-st-normal-space \" >\n\t<div class=\"mkdf-st-inner\">\n        \t\t\t\t\t<h3 class=\"mkdf-st-title\" >\n\t\t\t\tLogistique et transport dans le moindre d\u00e9tail\t\t\t<\/h3>\n\t\t\t\t\t\t\t<h5 class=\"mkdf-st-text\" >\n\t\t\t\tEn d'autres termes, tout ce que nous pouvons faire pour vous.\t\t\t<\/h5>\n\t\t\t<\/div>\n<\/div>[\/vc_column][\/vc_row][vc_row row_content_width=\u00a0\u00bbgrid\u00a0\u00bb row_btt_skin=\u00a0\u00bblight\u00a0\u00bb row_background_text_position=\u00a0\u00bbfront\u00a0\u00bb][vc_column][vc_column_text]Dissegna Logistics est votre interlocuteur unique et fait de la logistique et du transport des synonymes de fiabilit\u00e9 et d&rsquo;efficience.<br \/>\nNous optimisons la totalit\u00e9 de la logistique de stockage, de l&#8217;emmagasinage au transport de marchandises. Nous avons fait de la logistique un service hautement num\u00e9ris\u00e9.[\/vc_column_text][vc_column_text]La tradition du transport sur route, la durabilit\u00e9 du transport intermodal, la pr\u00e9cision du transport sous temp\u00e9rature dirig\u00e9e, les nombreuses solutions de transports personnalis\u00e9s propos\u00e9es et la rapidit\u00e9 du transport express disponible pour toute l&rsquo;Europe, 24 h sur 24 et 7 jours sur 7, tout cela fait de Dissegna Logistics votre partenaire logistique au niveau europ\u00e9en.[\/vc_column_text][vc_column_text]Des syst\u00e8mes IT \u00e0 l&rsquo;avant-garde nous permettent de coordonner les itin\u00e9raires. Le suivi constant de la flotte Dissegna Logistics garantit notre ponctualit\u00e9 et la s\u00e9curit\u00e9 de vos marchandises.[\/vc_column_text][\/vc_column][\/vc_row][\/vc_section][vc_section el_class=\u00a0\u00bbpadding-section\u00a0\u00bb][vc_row row_content_width=\u00a0\u00bbgrid\u00a0\u00bb row_btt_skin=\u00a0\u00bblight\u00a0\u00bb row_background_text_position=\u00a0\u00bbfront\u00a0\u00bb][vc_column width=\u00a0\u00bb1\/3&Prime; offset=\u00a0\u00bbvc_col-lg-offset-0 vc_col-lg-3 vc_col-md-offset-0 vc_col-md-7 vc_col-sm-offset-0&Prime;]<div class=\"mkdf-iwt clearfix  mkdf-iwt-icon-top  mkdf-iwt-icon-medium\" >\n\t<div class=\"mkdf-iwt-icon\">\n\t\t\t\t\t<a itemprop=\"url\" href=\"https:\/\/www.dissegna.com\/fr\/transport\/\" target=\"_self\">\n\t\t\t\t\t\t\t\t\t<img loading=\"lazy\" decoding=\"async\" width=\"340\" height=\"340\" src=\"https:\/\/www.dissegna.com\/wp-content\/uploads\/2021\/03\/trasporto.png\" class=\"attachment-full size-full\" alt=\"\" srcset=\"https:\/\/www.dissegna.com\/wp-content\/uploads\/2021\/03\/trasporto.png 340w, https:\/\/www.dissegna.com\/wp-content\/uploads\/2021\/03\/trasporto-300x300.png 300w, https:\/\/www.dissegna.com\/wp-content\/uploads\/2021\/03\/trasporto-150x150.png 150w\" sizes=\"auto, (max-width: 340px) 100vw, 340px\" \/>                \t\t\t\t\t<\/a>\n\t\t\t<\/div>\n\t<div class=\"mkdf-iwt-content\" style=\"padding-top: 22px\">\n                    <p class=\"mkdf-iwt-caption\" >Pr\u00e8f\u00e8rez-nous pour<\/p>\n        \t\t\t\t\t<h4 class=\"mkdf-iwt-title\" style=\"margin-top: -4px\">\n\t\t\t\t\t\t\t\t\t<a itemprop=\"url\" href=\"https:\/\/www.dissegna.com\/fr\/transport\/\" target=\"_self\">\n\t\t\t\t\t\t\t\t<span class=\"mkdf-iwt-title-text\">Transport<\/span>\n\t\t\t\t\t\t\t\t\t<\/a>\n\t\t\t\t\t\t\t<\/h4>\n\t\t\t\t\t\t\t<p class=\"mkdf-iwt-text\" style=\"margin-top: 14px\">Nous prenons soin de vos marchandises : notre exp\u00e9rience, notre connaissance du march\u00e9 europ\u00e9en et notre travail d&#039;\u00e9quipe garantissent chaque jour ponctualit\u00e9, fiabilit\u00e9 et durabilit\u00e9 des transports internationaux.<\/p>\n\t\t\t<\/div>\n<\/div>[\/vc_column][vc_column width=\u00a0\u00bb1\/3&Prime; offset=\u00a0\u00bbvc_col-lg-offset-1 vc_col-lg-3 vc_col-md-offset-0 vc_col-md-7 vc_col-sm-offset-0&Prime;]<div class=\"mkdf-iwt clearfix  mkdf-iwt-icon-top  mkdf-iwt-icon-medium\" >\n\t<div class=\"mkdf-iwt-icon\">\n\t\t\t\t\t<a itemprop=\"url\" href=\"http:\/\/servizi.sga.it\/Sites\/B2B\/Default.aspx?DISSEGNA\" target=\"_blank\">\n\t\t\t\t\t\t\t\t\t<img loading=\"lazy\" decoding=\"async\" width=\"340\" height=\"340\" src=\"https:\/\/www.dissegna.com\/wp-content\/uploads\/2021\/03\/track-and-trace.png\" class=\"attachment-full size-full\" alt=\"\" srcset=\"https:\/\/www.dissegna.com\/wp-content\/uploads\/2021\/03\/track-and-trace.png 340w, https:\/\/www.dissegna.com\/wp-content\/uploads\/2021\/03\/track-and-trace-300x300.png 300w, https:\/\/www.dissegna.com\/wp-content\/uploads\/2021\/03\/track-and-trace-150x150.png 150w\" sizes=\"auto, (max-width: 340px) 100vw, 340px\" \/>                \t\t\t\t\t<\/a>\n\t\t\t<\/div>\n\t<div class=\"mkdf-iwt-content\" style=\"padding-top: 22px\">\n                    <p class=\"mkdf-iwt-caption\" >Pr\u00e8f\u00e8rez-nous pour<\/p>\n        \t\t\t\t\t<h4 class=\"mkdf-iwt-title\" style=\"margin-top: -4px\">\n\t\t\t\t\t\t\t\t\t<a itemprop=\"url\" href=\"http:\/\/servizi.sga.it\/Sites\/B2B\/Default.aspx?DISSEGNA\" target=\"_blank\">\n\t\t\t\t\t\t\t\t<span class=\"mkdf-iwt-title-text\">Track and trace<\/span>\n\t\t\t\t\t\t\t\t\t<\/a>\n\t\t\t\t\t\t\t<\/h4>\n\t\t\t\t\t\t\t<p class=\"mkdf-iwt-text\" style=\"margin-top: 14px\">Suivez l&#039;acheminement de vos marchandises en temps r\u00e9el. Des informations pr\u00e9cises et constamment disponibles vous permettent de planifier la gestion de votre magasin dans le moindre d\u00e9tail.<\/p>\n\t\t\t<\/div>\n<\/div>[\/vc_column][vc_column width=\u00a0\u00bb1\/3&Prime; offset=\u00a0\u00bbvc_col-lg-offset-1 vc_col-lg-3 vc_col-md-offset-0 vc_col-md-7 vc_col-sm-offset-0&Prime;]<div class=\"mkdf-iwt clearfix  mkdf-iwt-icon-top  mkdf-iwt-icon-medium\" >\n\t<div class=\"mkdf-iwt-icon\">\n\t\t\t\t\t<a itemprop=\"url\" href=\"https:\/\/www.dissegna.com\/fr\/logistique\/\" target=\"_self\">\n\t\t\t\t\t\t\t\t\t<img loading=\"lazy\" decoding=\"async\" width=\"340\" height=\"340\" src=\"https:\/\/www.dissegna.com\/wp-content\/uploads\/2021\/03\/logistica.png\" class=\"attachment-full size-full\" alt=\"\" srcset=\"https:\/\/www.dissegna.com\/wp-content\/uploads\/2021\/03\/logistica.png 340w, https:\/\/www.dissegna.com\/wp-content\/uploads\/2021\/03\/logistica-300x300.png 300w, https:\/\/www.dissegna.com\/wp-content\/uploads\/2021\/03\/logistica-150x150.png 150w\" sizes=\"auto, (max-width: 340px) 100vw, 340px\" \/>                \t\t\t\t\t<\/a>\n\t\t\t<\/div>\n\t<div class=\"mkdf-iwt-content\" style=\"padding-top: 22px\">\n                    <p class=\"mkdf-iwt-caption\" >Pr\u00e8f\u00e8rez-nous pour<\/p>\n        \t\t\t\t\t<h4 class=\"mkdf-iwt-title\" style=\"margin-top: -4px\">\n\t\t\t\t\t\t\t\t\t<a itemprop=\"url\" href=\"https:\/\/www.dissegna.com\/fr\/logistique\/\" target=\"_self\">\n\t\t\t\t\t\t\t\t<span class=\"mkdf-iwt-title-text\">Logistique<\/span>\n\t\t\t\t\t\t\t\t\t<\/a>\n\t\t\t\t\t\t\t<\/h4>\n\t\t\t\t\t\t\t<p class=\"mkdf-iwt-text\" style=\"margin-top: 14px\">Nous g\u00e9rons tous les aspects logistiques, et les activit\u00e9s organisationnelles, strat\u00e9giques et de gestion qui r\u00e9gissent les flux de mat\u00e9riel sont plac\u00e9es sous notre contr\u00f4le constant.<\/p>\n\t\t\t<\/div>\n<\/div>[\/vc_column][\/vc_row][\/vc_section][vc_row row_btt_skin=\u00a0\u00bblight\u00a0\u00bb row_background_text_position=\u00a0\u00bbfront\u00a0\u00bb][vc_column][vc_empty_space height=\u00a0\u00bb40px\u00a0\u00bb][\/vc_column][\/vc_row]<\/p>\n<\/section>","protected":false},"excerpt":{"rendered":"<p>[vc_section el_class=\u00a0\u00bbpadding-section\u00a0\u00bb css=\u00a0\u00bb.vc_custom_1621846378120{padding-bottom: 0px !important;}\u00a0\u00bb][vc_row row_content_width=\u00a0\u00bbgrid\u00a0\u00bb row_btt_skin=\u00a0\u00bblight\u00a0\u00bb row_background_text_position=\u00a0\u00bbfront\u00a0\u00bb css=\u00a0\u00bb.vc_custom_1620748799433{padding-bottom: 15px !important;}\u00a0\u00bb][vc_column][\/vc_column][\/vc_row][vc_row row_content_width=\u00a0\u00bbgrid\u00a0\u00bb row_btt_skin=\u00a0\u00bblight\u00a0\u00bb row_background_text_position=\u00a0\u00bbfront\u00a0\u00bb][vc_column][vc_column_text]Dissegna Logistics est votre interlocuteur unique et fait de la logistique et du transport des synonymes de fiabilit\u00e9 et d&rsquo;efficience. Nous optimisons la totalit\u00e9 de la logistique [&hellip;]<\/p>\n","protected":false},"author":1,"featured_media":0,"parent":0,"menu_order":0,"comment_status":"closed","ping_status":"closed","template":"full-width.php","meta":{"inline_featured_image":false,"footnotes":""},"class_list":["post-11672","page","type-page","status-publish","hentry"],"yoast_head":"<!-- This site is optimized with the Yoast SEO plugin v19.9 - https:\/\/yoast.com\/wordpress\/plugins\/seo\/ -->\n<title>Ce que nous faisons pour vous, Dissegna Logistics<\/title>\n<meta name=\"description\" content=\"Nos services sont con\u00e7us et personnalis\u00e9s pour vous satisfaire \u00e0 100%. Nous nous occupons de la logistique et du transport de d\u00e9tail pour vous. D\u00e9couvrez nos solutions.\" \/>\n<meta name=\"robots\" content=\"index, follow, max-snippet:-1, max-image-preview:large, max-video-preview:-1\" \/>\n<link rel=\"canonical\" href=\"https:\/\/www.dissegna.com\/fr\/services\/\" \/>\n<meta property=\"og:locale\" content=\"fr_FR\" \/>\n<meta property=\"og:type\" content=\"article\" \/>\n<meta property=\"og:title\" content=\"Ce que nous faisons pour vous, Dissegna Logistics\" \/>\n<meta property=\"og:description\" content=\"Nos services sont con\u00e7us et personnalis\u00e9s pour vous satisfaire \u00e0 100%. Nous nous occupons de la logistique et du transport de d\u00e9tail pour vous. D\u00e9couvrez nos solutions.\" \/>\n<meta property=\"og:url\" content=\"https:\/\/www.dissegna.com\/fr\/services\/\" \/>\n<meta property=\"og:site_name\" content=\"Dissegna\" \/>\n<meta property=\"article:modified_time\" content=\"2022-09-07T13:54:35+00:00\" \/>\n<meta name=\"twitter:card\" content=\"summary_large_image\" \/>\n<meta name=\"twitter:label1\" content=\"Dur\u00e9e de lecture estim\u00e9e\" \/>\n\t<meta name=\"twitter:data1\" content=\"2 minutes\" \/>\n<script type=\"application\/ld+json\" class=\"yoast-schema-graph\">{\"@context\":\"https:\/\/schema.org\",\"@graph\":[{\"@type\":\"WebPage\",\"@id\":\"https:\/\/www.dissegna.com\/fr\/services\/\",\"url\":\"https:\/\/www.dissegna.com\/fr\/services\/\",\"name\":\"Ce que nous faisons pour vous, Dissegna Logistics\",\"isPartOf\":{\"@id\":\"https:\/\/www.dissegna.com\/#website\"},\"datePublished\":\"2021-03-03T17:43:36+00:00\",\"dateModified\":\"2022-09-07T13:54:35+00:00\",\"description\":\"Nos services sont con\u00e7us et personnalis\u00e9s pour vous satisfaire \u00e0 100%. Nous nous occupons de la logistique et du transport de d\u00e9tail pour vous. D\u00e9couvrez nos solutions.\",\"breadcrumb\":{\"@id\":\"https:\/\/www.dissegna.com\/fr\/services\/#breadcrumb\"},\"inLanguage\":\"fr-FR\",\"potentialAction\":[{\"@type\":\"ReadAction\",\"target\":[\"https:\/\/www.dissegna.com\/fr\/services\/\"]}]},{\"@type\":\"BreadcrumbList\",\"@id\":\"https:\/\/www.dissegna.com\/fr\/services\/#breadcrumb\",\"itemListElement\":[{\"@type\":\"ListItem\",\"position\":1,\"name\":\"Home\",\"item\":\"https:\/\/www.dissegna.com\/fr\/\"},{\"@type\":\"ListItem\",\"position\":2,\"name\":\"Services\"}]},{\"@type\":\"WebSite\",\"@id\":\"https:\/\/www.dissegna.com\/#website\",\"url\":\"https:\/\/www.dissegna.com\/\",\"name\":\"Dissegna\",\"description\":\"\",\"potentialAction\":[{\"@type\":\"SearchAction\",\"target\":{\"@type\":\"EntryPoint\",\"urlTemplate\":\"https:\/\/www.dissegna.com\/?s={search_term_string}\"},\"query-input\":\"required name=search_term_string\"}],\"inLanguage\":\"fr-FR\"}]}<\/script>\n<!-- \/ Yoast SEO plugin. -->","yoast_head_json":{"title":"Ce que nous faisons pour vous, Dissegna Logistics","description":"Nos services sont con\u00e7us et personnalis\u00e9s pour vous satisfaire \u00e0 100%. Nous nous occupons de la logistique et du transport de d\u00e9tail pour vous. D\u00e9couvrez nos solutions.","robots":{"index":"index","follow":"follow","max-snippet":"max-snippet:-1","max-image-preview":"max-image-preview:large","max-video-preview":"max-video-preview:-1"},"canonical":"https:\/\/www.dissegna.com\/fr\/services\/","og_locale":"fr_FR","og_type":"article","og_title":"Ce que nous faisons pour vous, Dissegna Logistics","og_description":"Nos services sont con\u00e7us et personnalis\u00e9s pour vous satisfaire \u00e0 100%. Nous nous occupons de la logistique et du transport de d\u00e9tail pour vous. D\u00e9couvrez nos solutions.","og_url":"https:\/\/www.dissegna.com\/fr\/services\/","og_site_name":"Dissegna","article_modified_time":"2022-09-07T13:54:35+00:00","twitter_card":"summary_large_image","twitter_misc":{"Dur\u00e9e de lecture estim\u00e9e":"2 minutes"},"schema":{"@context":"https:\/\/schema.org","@graph":[{"@type":"WebPage","@id":"https:\/\/www.dissegna.com\/fr\/services\/","url":"https:\/\/www.dissegna.com\/fr\/services\/","name":"Ce que nous faisons pour vous, Dissegna Logistics","isPartOf":{"@id":"https:\/\/www.dissegna.com\/#website"},"datePublished":"2021-03-03T17:43:36+00:00","dateModified":"2022-09-07T13:54:35+00:00","description":"Nos services sont con\u00e7us et personnalis\u00e9s pour vous satisfaire \u00e0 100%. Nous nous occupons de la logistique et du transport de d\u00e9tail pour vous. D\u00e9couvrez nos solutions.","breadcrumb":{"@id":"https:\/\/www.dissegna.com\/fr\/services\/#breadcrumb"},"inLanguage":"fr-FR","potentialAction":[{"@type":"ReadAction","target":["https:\/\/www.dissegna.com\/fr\/services\/"]}]},{"@type":"BreadcrumbList","@id":"https:\/\/www.dissegna.com\/fr\/services\/#breadcrumb","itemListElement":[{"@type":"ListItem","position":1,"name":"Home","item":"https:\/\/www.dissegna.com\/fr\/"},{"@type":"ListItem","position":2,"name":"Services"}]},{"@type":"WebSite","@id":"https:\/\/www.dissegna.com\/#website","url":"https:\/\/www.dissegna.com\/","name":"Dissegna","description":"","potentialAction":[{"@type":"SearchAction","target":{"@type":"EntryPoint","urlTemplate":"https:\/\/www.dissegna.com\/?s={search_term_string}"},"query-input":"required name=search_term_string"}],"inLanguage":"fr-FR"}]}},"_links":{"self":[{"href":"https:\/\/www.dissegna.com\/fr\/wp-json\/wp\/v2\/pages\/11672","targetHints":{"allow":["GET"]}}],"collection":[{"href":"https:\/\/www.dissegna.com\/fr\/wp-json\/wp\/v2\/pages"}],"about":[{"href":"https:\/\/www.dissegna.com\/fr\/wp-json\/wp\/v2\/types\/page"}],"author":[{"embeddable":true,"href":"https:\/\/www.dissegna.com\/fr\/wp-json\/wp\/v2\/users\/1"}],"replies":[{"embeddable":true,"href":"https:\/\/www.dissegna.com\/fr\/wp-json\/wp\/v2\/comments?post=11672"}],"version-history":[{"count":8,"href":"https:\/\/www.dissegna.com\/fr\/wp-json\/wp\/v2\/pages\/11672\/revisions"}],"predecessor-version":[{"id":13076,"href":"https:\/\/www.dissegna.com\/fr\/wp-json\/wp\/v2\/pages\/11672\/revisions\/13076"}],"wp:attachment":[{"href":"https:\/\/www.dissegna.com\/fr\/wp-json\/wp\/v2\/media?parent=11672"}],"curies":[{"name":"wp","href":"https:\/\/api.w.org\/{rel}","templated":true}]}}