{"id":11668,"date":"2021-02-16T17:34:42","date_gmt":"2021-02-16T17:34:42","guid":{"rendered":"http:\/\/dissegna.com\/news\/"},"modified":"2022-09-06T14:36:59","modified_gmt":"2022-09-06T14:36:59","slug":"actualites","status":"publish","type":"page","link":"https:\/\/www.dissegna.com\/fr\/actualites\/","title":{"rendered":"Actualit\u00e8s"},"content":{"rendered":"<section class=\"wpb-content-wrapper\"><p>[vc_row row_btt_skin=\u00a0\u00bblight\u00a0\u00bb row_background_text_position=\u00a0\u00bbfront\u00a0\u00bb][vc_column][vc_empty_space height=\u00a0\u00bb50px\u00a0\u00bb][\/vc_column][\/vc_row][vc_row row_content_width=\u00a0\u00bbgrid\u00a0\u00bb row_btt_skin=\u00a0\u00bblight\u00a0\u00bb row_background_text_position=\u00a0\u00bbfront\u00a0\u00bb row_skin=\u00a0\u00bblight\u00a0\u00bb css=\u00a0\u00bb.vc_custom_1621849317323{padding-top: 43px !important;padding-bottom: 130px !important;}\u00a0\u00bb el_class=\u00a0\u00bbpadding-section\u00a0\u00bb][vc_column]<div class=\"mkdf-blog-list-holder mkdf-grid-list mkdf-disable-bottom-space mkdf-bl-boxed mkdf-three-columns mkdf-normal-space mkdf-bl-pag-no-pagination mkdf-bl-skin-\"  data-type=boxed data-number-of-posts=20 data-number-of-columns=three data-space-between-items=normal data-category=news data-orderby=date data-order=ASC data-image-size=full data-title-tag=h4 data-excerpt-length=0 data-post-info-section=no data-post-info-image=yes data-post-info-author=yes data-post-info-date=yes data-post-info-category=yes data-post-info-comments=no data-post-info-like=no data-post-info-share=no data-pagination-type=no-pagination data-max-num-pages=1 data-next-page=2>\n\t<div class=\"mkdf-bl-wrapper mkdf-outer-space\">\n\t\t<ul class=\"mkdf-blog-list\">\n\t\t\t<li class=\"mkdf-bl-item mkdf-item-space\">\n\t<div class=\"mkdf-bli-inner\">\n\t\t\n\t<div class=\"mkdf-post-image\">\n\t\t\t\t\t<a itemprop=\"url\" href=\"https:\/\/www.dissegna.com\/fr\/unis-nous-gagnons-le-jeu-de-la-durabilite\/\" title=\"Unis nous gagnons le jeu de la durabilit\u00e9\">\n\t\t\t\t\t<img loading=\"lazy\" decoding=\"async\" width=\"1920\" height=\"1080\" src=\"https:\/\/www.dissegna.com\/wp-content\/uploads\/2021\/03\/IMMAGINE-SOSTENIBILITA.jpg\" class=\"attachment-full size-full wp-post-image\" alt=\"\" srcset=\"https:\/\/www.dissegna.com\/wp-content\/uploads\/2021\/03\/IMMAGINE-SOSTENIBILITA.jpg 1920w, https:\/\/www.dissegna.com\/wp-content\/uploads\/2021\/03\/IMMAGINE-SOSTENIBILITA-300x169.jpg 300w, https:\/\/www.dissegna.com\/wp-content\/uploads\/2021\/03\/IMMAGINE-SOSTENIBILITA-1024x576.jpg 1024w, https:\/\/www.dissegna.com\/wp-content\/uploads\/2021\/03\/IMMAGINE-SOSTENIBILITA-768x432.jpg 768w, https:\/\/www.dissegna.com\/wp-content\/uploads\/2021\/03\/IMMAGINE-SOSTENIBILITA-1536x864.jpg 1536w\" sizes=\"auto, (max-width: 1920px) 100vw, 1920px\" \/>\t\t\t\t\t<\/a>\n\t\t\t\t\t<\/div>\n        <div class=\"mkdf-bli-content\">\n            \t\n\t        \n<h4 itemprop=\"name\" class=\"entry-title mkdf-post-title\" >\n            <a itemprop=\"url\" href=\"https:\/\/www.dissegna.com\/fr\/unis-nous-gagnons-le-jeu-de-la-durabilite\/\" title=\"Unis nous gagnons le jeu de la durabilit\u00e9\">\n            Unis nous gagnons le jeu de la durabilit\u00e9            <\/a>\n    <\/h4>\t\n\t        <div class=\"mkdf-bli-excerpt\">\n\t\t        \t\t        \t<div class=\"mkdf-post-read-more-button\">\n\t\t<a itemprop=\"url\" href=\"https:\/\/www.dissegna.com\/fr\/unis-nous-gagnons-le-jeu-de-la-durabilite\/\" target=\"_self\"  class=\"mkdf-btn mkdf-btn-medium mkdf-btn-simple mkdf-blog-list-button\"  >    <span class=\"mkdf-btn-text\">Lire la suite<\/span>    <\/a>\t<\/div>\n\t        <\/div>\n        <\/div>\n\t<\/div>\n<\/li><li class=\"mkdf-bl-item mkdf-item-space\">\n\t<div class=\"mkdf-bli-inner\">\n\t\t\n\t<div class=\"mkdf-post-image\">\n\t\t\t\t\t<a itemprop=\"url\" href=\"https:\/\/www.dissegna.com\/fr\/notre-equipe-est-passionnee-et-dynamique\/\" title=\"Notre \u00e9quipe est passionn\u00e9e et dynamique\">\n\t\t\t\t\t<img loading=\"lazy\" decoding=\"async\" width=\"1920\" height=\"1080\" src=\"https:\/\/www.dissegna.com\/wp-content\/uploads\/2021\/05\/IMMAGINE-TEAM-BUILDING-1.jpg\" class=\"attachment-full size-full wp-post-image\" alt=\"\" srcset=\"https:\/\/www.dissegna.com\/wp-content\/uploads\/2021\/05\/IMMAGINE-TEAM-BUILDING-1.jpg 1920w, https:\/\/www.dissegna.com\/wp-content\/uploads\/2021\/05\/IMMAGINE-TEAM-BUILDING-1-300x169.jpg 300w, https:\/\/www.dissegna.com\/wp-content\/uploads\/2021\/05\/IMMAGINE-TEAM-BUILDING-1-1024x576.jpg 1024w, https:\/\/www.dissegna.com\/wp-content\/uploads\/2021\/05\/IMMAGINE-TEAM-BUILDING-1-768x432.jpg 768w, https:\/\/www.dissegna.com\/wp-content\/uploads\/2021\/05\/IMMAGINE-TEAM-BUILDING-1-1536x864.jpg 1536w\" sizes=\"auto, (max-width: 1920px) 100vw, 1920px\" \/>\t\t\t\t\t<\/a>\n\t\t\t\t\t<\/div>\n        <div class=\"mkdf-bli-content\">\n            \t\n\t        \n<h4 itemprop=\"name\" class=\"entry-title mkdf-post-title\" >\n            <a itemprop=\"url\" href=\"https:\/\/www.dissegna.com\/fr\/notre-equipe-est-passionnee-et-dynamique\/\" title=\"Notre \u00e9quipe est passionn\u00e9e et dynamique\">\n            Notre \u00e9quipe est passionn\u00e9e et dynamique            <\/a>\n    <\/h4>\t\n\t        <div class=\"mkdf-bli-excerpt\">\n\t\t        \t\t        \t<div class=\"mkdf-post-read-more-button\">\n\t\t<a itemprop=\"url\" href=\"https:\/\/www.dissegna.com\/fr\/notre-equipe-est-passionnee-et-dynamique\/\" target=\"_self\"  class=\"mkdf-btn mkdf-btn-medium mkdf-btn-simple mkdf-blog-list-button\"  >    <span class=\"mkdf-btn-text\">Lire la suite<\/span>    <\/a>\t<\/div>\n\t        <\/div>\n        <\/div>\n\t<\/div>\n<\/li><li class=\"mkdf-bl-item mkdf-item-space\">\n\t<div class=\"mkdf-bli-inner\">\n\t\t\n\t<div class=\"mkdf-post-image\">\n\t\t\t\t\t<a itemprop=\"url\" href=\"https:\/\/www.dissegna.com\/fr\/marchons-a-pleins-gaz-vers-un-avenir-durable\/\" title=\"Marchons \u00e0 pleins gaz vers un avenir durable\">\n\t\t\t\t\t<img loading=\"lazy\" decoding=\"async\" width=\"1920\" height=\"1080\" src=\"https:\/\/www.dissegna.com\/wp-content\/uploads\/2022\/02\/Proposta1.jpg\" class=\"attachment-full size-full wp-post-image\" alt=\"\" srcset=\"https:\/\/www.dissegna.com\/wp-content\/uploads\/2022\/02\/Proposta1.jpg 1920w, https:\/\/www.dissegna.com\/wp-content\/uploads\/2022\/02\/Proposta1-300x169.jpg 300w, https:\/\/www.dissegna.com\/wp-content\/uploads\/2022\/02\/Proposta1-1024x576.jpg 1024w, https:\/\/www.dissegna.com\/wp-content\/uploads\/2022\/02\/Proposta1-768x432.jpg 768w, https:\/\/www.dissegna.com\/wp-content\/uploads\/2022\/02\/Proposta1-1536x864.jpg 1536w\" sizes=\"auto, (max-width: 1920px) 100vw, 1920px\" \/>\t\t\t\t\t<\/a>\n\t\t\t\t\t<\/div>\n        <div class=\"mkdf-bli-content\">\n            \t\n\t        \n<h4 itemprop=\"name\" class=\"entry-title mkdf-post-title\" >\n            <a itemprop=\"url\" href=\"https:\/\/www.dissegna.com\/fr\/marchons-a-pleins-gaz-vers-un-avenir-durable\/\" title=\"Marchons \u00e0 pleins gaz vers un avenir durable\">\n            Marchons \u00e0 pleins gaz vers un avenir durable            <\/a>\n    <\/h4>\t\n\t        <div class=\"mkdf-bli-excerpt\">\n\t\t        \t\t        \t<div class=\"mkdf-post-read-more-button\">\n\t\t<a itemprop=\"url\" href=\"https:\/\/www.dissegna.com\/fr\/marchons-a-pleins-gaz-vers-un-avenir-durable\/\" target=\"_self\"  class=\"mkdf-btn mkdf-btn-medium mkdf-btn-simple mkdf-blog-list-button\"  >    <span class=\"mkdf-btn-text\">Lire la suite<\/span>    <\/a>\t<\/div>\n\t        <\/div>\n        <\/div>\n\t<\/div>\n<\/li>\t\t<\/ul>\n\t<\/div>\n\t<\/div>[\/vc_column][\/vc_row]<\/p>\n<\/section>","protected":false},"excerpt":{"rendered":"<p>[vc_row row_btt_skin=\u00a0\u00bblight\u00a0\u00bb row_background_text_position=\u00a0\u00bbfront\u00a0\u00bb][vc_column][vc_empty_space height=\u00a0\u00bb50px\u00a0\u00bb][\/vc_column][\/vc_row][vc_row row_content_width=\u00a0\u00bbgrid\u00a0\u00bb row_btt_skin=\u00a0\u00bblight\u00a0\u00bb row_background_text_position=\u00a0\u00bbfront\u00a0\u00bb row_skin=\u00a0\u00bblight\u00a0\u00bb css=\u00a0\u00bb.vc_custom_1621849317323{padding-top: 43px !important;padding-bottom: 130px !important;}\u00a0\u00bb el_class=\u00a0\u00bbpadding-section\u00a0\u00bb][vc_column][\/vc_column][\/vc_row]<\/p>\n","protected":false},"author":1,"featured_media":0,"parent":0,"menu_order":0,"comment_status":"closed","ping_status":"closed","template":"full-width.php","meta":{"inline_featured_image":false,"footnotes":""},"class_list":["post-11668","page","type-page","status-publish","hentry"],"yoast_head":"<!-- This site is optimized with the Yoast SEO plugin v19.9 - https:\/\/yoast.com\/wordpress\/plugins\/seo\/ -->\n<title>Actualit\u00e9s - Dissegna Logistics<\/title>\n<meta name=\"description\" content=\"Une somme d&#039;informations utiles et d&#039;actualit\u00e9s du secteur \u00e0 lire tout d&#039;une traite. Restez inform\u00e9s des nouveaut\u00e9s Dissegna Logistics.\" \/>\n<meta name=\"robots\" content=\"index, follow, max-snippet:-1, max-image-preview:large, max-video-preview:-1\" \/>\n<link rel=\"canonical\" href=\"https:\/\/www.dissegna.com\/fr\/actualites\/\" \/>\n<meta property=\"og:locale\" content=\"fr_FR\" \/>\n<meta property=\"og:type\" content=\"article\" \/>\n<meta property=\"og:title\" content=\"Actualit\u00e9s - Dissegna Logistics\" \/>\n<meta property=\"og:description\" content=\"Une somme d&#039;informations utiles et d&#039;actualit\u00e9s du secteur \u00e0 lire tout d&#039;une traite. Restez inform\u00e9s des nouveaut\u00e9s Dissegna Logistics.\" \/>\n<meta property=\"og:url\" content=\"https:\/\/www.dissegna.com\/fr\/actualites\/\" \/>\n<meta property=\"og:site_name\" content=\"Dissegna\" \/>\n<meta property=\"article:modified_time\" content=\"2022-09-06T14:36:59+00:00\" \/>\n<meta name=\"twitter:card\" content=\"summary_large_image\" \/>\n<meta name=\"twitter:label1\" content=\"Dur\u00e9e de lecture estim\u00e9e\" \/>\n\t<meta name=\"twitter:data1\" content=\"1 minute\" \/>\n<script type=\"application\/ld+json\" class=\"yoast-schema-graph\">{\"@context\":\"https:\/\/schema.org\",\"@graph\":[{\"@type\":\"WebPage\",\"@id\":\"https:\/\/www.dissegna.com\/fr\/actualites\/\",\"url\":\"https:\/\/www.dissegna.com\/fr\/actualites\/\",\"name\":\"Actualit\u00e9s - Dissegna Logistics\",\"isPartOf\":{\"@id\":\"https:\/\/www.dissegna.com\/#website\"},\"datePublished\":\"2021-02-16T17:34:42+00:00\",\"dateModified\":\"2022-09-06T14:36:59+00:00\",\"description\":\"Une somme d'informations utiles et d'actualit\u00e9s du secteur \u00e0 lire tout d'une traite. Restez inform\u00e9s des nouveaut\u00e9s Dissegna Logistics.\",\"breadcrumb\":{\"@id\":\"https:\/\/www.dissegna.com\/fr\/actualites\/#breadcrumb\"},\"inLanguage\":\"fr-FR\",\"potentialAction\":[{\"@type\":\"ReadAction\",\"target\":[\"https:\/\/www.dissegna.com\/fr\/actualites\/\"]}]},{\"@type\":\"BreadcrumbList\",\"@id\":\"https:\/\/www.dissegna.com\/fr\/actualites\/#breadcrumb\",\"itemListElement\":[{\"@type\":\"ListItem\",\"position\":1,\"name\":\"Home\",\"item\":\"https:\/\/www.dissegna.com\/fr\/\"},{\"@type\":\"ListItem\",\"position\":2,\"name\":\"Actualit\u00e8s\"}]},{\"@type\":\"WebSite\",\"@id\":\"https:\/\/www.dissegna.com\/#website\",\"url\":\"https:\/\/www.dissegna.com\/\",\"name\":\"Dissegna\",\"description\":\"\",\"potentialAction\":[{\"@type\":\"SearchAction\",\"target\":{\"@type\":\"EntryPoint\",\"urlTemplate\":\"https:\/\/www.dissegna.com\/?s={search_term_string}\"},\"query-input\":\"required name=search_term_string\"}],\"inLanguage\":\"fr-FR\"}]}<\/script>\n<!-- \/ Yoast SEO plugin. -->","yoast_head_json":{"title":"Actualit\u00e9s - Dissegna Logistics","description":"Une somme d'informations utiles et d'actualit\u00e9s du secteur \u00e0 lire tout d'une traite. Restez inform\u00e9s des nouveaut\u00e9s Dissegna Logistics.","robots":{"index":"index","follow":"follow","max-snippet":"max-snippet:-1","max-image-preview":"max-image-preview:large","max-video-preview":"max-video-preview:-1"},"canonical":"https:\/\/www.dissegna.com\/fr\/actualites\/","og_locale":"fr_FR","og_type":"article","og_title":"Actualit\u00e9s - Dissegna Logistics","og_description":"Une somme d'informations utiles et d'actualit\u00e9s du secteur \u00e0 lire tout d'une traite. Restez inform\u00e9s des nouveaut\u00e9s Dissegna Logistics.","og_url":"https:\/\/www.dissegna.com\/fr\/actualites\/","og_site_name":"Dissegna","article_modified_time":"2022-09-06T14:36:59+00:00","twitter_card":"summary_large_image","twitter_misc":{"Dur\u00e9e de lecture estim\u00e9e":"1 minute"},"schema":{"@context":"https:\/\/schema.org","@graph":[{"@type":"WebPage","@id":"https:\/\/www.dissegna.com\/fr\/actualites\/","url":"https:\/\/www.dissegna.com\/fr\/actualites\/","name":"Actualit\u00e9s - Dissegna Logistics","isPartOf":{"@id":"https:\/\/www.dissegna.com\/#website"},"datePublished":"2021-02-16T17:34:42+00:00","dateModified":"2022-09-06T14:36:59+00:00","description":"Une somme d'informations utiles et d'actualit\u00e9s du secteur \u00e0 lire tout d'une traite. Restez inform\u00e9s des nouveaut\u00e9s Dissegna Logistics.","breadcrumb":{"@id":"https:\/\/www.dissegna.com\/fr\/actualites\/#breadcrumb"},"inLanguage":"fr-FR","potentialAction":[{"@type":"ReadAction","target":["https:\/\/www.dissegna.com\/fr\/actualites\/"]}]},{"@type":"BreadcrumbList","@id":"https:\/\/www.dissegna.com\/fr\/actualites\/#breadcrumb","itemListElement":[{"@type":"ListItem","position":1,"name":"Home","item":"https:\/\/www.dissegna.com\/fr\/"},{"@type":"ListItem","position":2,"name":"Actualit\u00e8s"}]},{"@type":"WebSite","@id":"https:\/\/www.dissegna.com\/#website","url":"https:\/\/www.dissegna.com\/","name":"Dissegna","description":"","potentialAction":[{"@type":"SearchAction","target":{"@type":"EntryPoint","urlTemplate":"https:\/\/www.dissegna.com\/?s={search_term_string}"},"query-input":"required name=search_term_string"}],"inLanguage":"fr-FR"}]}},"_links":{"self":[{"href":"https:\/\/www.dissegna.com\/fr\/wp-json\/wp\/v2\/pages\/11668","targetHints":{"allow":["GET"]}}],"collection":[{"href":"https:\/\/www.dissegna.com\/fr\/wp-json\/wp\/v2\/pages"}],"about":[{"href":"https:\/\/www.dissegna.com\/fr\/wp-json\/wp\/v2\/types\/page"}],"author":[{"embeddable":true,"href":"https:\/\/www.dissegna.com\/fr\/wp-json\/wp\/v2\/users\/1"}],"replies":[{"embeddable":true,"href":"https:\/\/www.dissegna.com\/fr\/wp-json\/wp\/v2\/comments?post=11668"}],"version-history":[{"count":5,"href":"https:\/\/www.dissegna.com\/fr\/wp-json\/wp\/v2\/pages\/11668\/revisions"}],"predecessor-version":[{"id":13071,"href":"https:\/\/www.dissegna.com\/fr\/wp-json\/wp\/v2\/pages\/11668\/revisions\/13071"}],"wp:attachment":[{"href":"https:\/\/www.dissegna.com\/fr\/wp-json\/wp\/v2\/media?parent=11668"}],"curies":[{"name":"wp","href":"https:\/\/api.w.org\/{rel}","templated":true}]}}