{"id":11664,"date":"2021-02-16T17:31:41","date_gmt":"2021-02-16T17:31:41","guid":{"rendered":"http:\/\/dissegna.com\/logistica\/"},"modified":"2022-09-07T13:49:16","modified_gmt":"2022-09-07T13:49:16","slug":"logistique","status":"publish","type":"page","link":"https:\/\/www.dissegna.com\/fr\/logistique\/","title":{"rendered":"Logistique"},"content":{"rendered":"<section class=\"wpb-content-wrapper\"><p>[vc_section el_class=\u00a0\u00bbpadding-section\u00a0\u00bb css=\u00a0\u00bb.vc_custom_1621849196062{padding-bottom: 0px !important;}\u00a0\u00bb][vc_row equal_height=\u00a0\u00bbyes\u00a0\u00bb content_placement=\u00a0\u00bbmiddle\u00a0\u00bb row_content_width=\u00a0\u00bbgrid\u00a0\u00bb row_btt_skin=\u00a0\u00bblight\u00a0\u00bb row_background_text_position=\u00a0\u00bbfront\u00a0\u00bb][vc_column offset=\u00a0\u00bbvc_col-lg-6&Prime;]<div class=\"mkdf-elements-holder   mkdf-one-column  mkdf-responsive-mode-768 \" ><div class=\"mkdf-eh-item    \"  data-item-class=\"mkdf-eh-custom-1286\" data-769-1024=\"0px 0px 0px 0px\" data-681-768=\"0px 0px 0px 0px\" data-680=\"0px 0px 0px 0px\">\n\t<div class=\"mkdf-eh-item-inner\">\n\t\t<div class=\"mkdf-eh-item-content mkdf-eh-custom-1286\" style=\"padding: 0 8% 0 0\">\n\t\t\t<div class=\"mkdf-section-title-holder  mkdf-st-standard mkdf-st-title-left mkdf-st-normal-space \" >\n\t<div class=\"mkdf-st-inner\">\n        \t\t\t\t\t<h3 class=\"mkdf-st-title\" >\n\t\t\t\tLogistique de stockage\t\t\t<\/h3>\n\t\t\t\t\t\t\t<h5 class=\"mkdf-st-text\" >\n\t\t\t\t\u00c0 vos c\u00f4t\u00e9s, du stockage jusqu'au dernier kilom\u00e8tre\t\t\t<\/h5>\n\t\t\t<\/div>\n<\/div>[vc_empty_space height=\u00a0\u00bb10px\u00a0\u00bb][vc_column_text]S&rsquo;occuper de logistique exige de garantir fiabilit\u00e9, pr\u00e9cision et soin des marchandises. Outre nos services de transport, nous offrons \u00e0 nos clients une logistique de stockage fortement num\u00e9ris\u00e9e. Nous sommes votre interlocuteur unique pour la r\u00e9ception, le stockage, le transport des marchandises, ainsi que pour la gestion syst\u00e9matique des colis. Nos syst\u00e8mes de surveillance nouvelle g\u00e9n\u00e9ration garantissent la s\u00e9curit\u00e9 absolue des marchandises stock\u00e9es.<br \/>\nNotre d\u00e9p\u00f4t, situ\u00e9 dans la plateforme logistique de Padoue, comprend:<\/p>\n<ul class=\"custom-list\">\n<li>3000 m2 couverts de magasin;<\/li>\n<li>20 quais de chargement et d\u00e9chargement;<\/li>\n<li>Vaste parking pouvant accueillir 100\u00a0remorques.<\/li>\n<\/ul>\n<p>La plateforme logistique de Padoue est l&#8217;emplacement id\u00e9al pour les liaisons entre l&rsquo;Italie et le reste de l&rsquo;Europe, en particulier vers les destinations de la Ruhr, du B\u00e9n\u00e9lux, du Royaume-Uni et de Scandinavie.[\/vc_column_text]<a itemprop=\"url\" href=\"https:\/\/logistics.dissegna.com\/devis\" target=\"_blank\" style=\"color: #1d3053;background-color: #f4e62b;border-color: #f4e62b;margin: 30px 0px 0px 0px;padding: 7px 38px\" class=\"mkdf-btn mkdf-btn-medium mkdf-btn-solid mkdf-btn-custom-hover-color\" data-hover-color=\"#1d3053\" >\n    <span class=\"mkdf-btn-text\">Contactez-nous<\/span>\n    <\/a>[vc_empty_space height=\u00a0\u00bb25px\u00a0\u00bb]\t\t<\/div>\n\t<\/div>\n<\/div><\/div>[\/vc_column][vc_column offset=\u00a0\u00bbvc_col-lg-6&Prime;][vc_gmaps link=\u00a0\u00bb#E-8_JTNDaWZyYW1lJTIwd2lkdGglM0QlMjIxMDAlMjUlMjIlMjBoZWlnaHQlM0QlMjI2MDAlMjIlMjBmcmFtZWJvcmRlciUzRCUyMjAlMjIlMjBzY3JvbGxpbmclM0QlMjJubyUyMiUyMG1hcmdpbmhlaWdodCUzRCUyMjAlMjIlMjBtYXJnaW53aWR0aCUzRCUyMjAlMjIlMjBzcmMlM0QlMjJodHRwcyUzQSUyRiUyRm1hcHMuZ29vZ2xlLmNvbSUyRm1hcHMlM0Z3aWR0aCUzRDEwMCUyNTI1JTI2YW1wJTNCaGVpZ2h0JTNENjAwJTI2YW1wJTNCaGwlM0RlbiUyNmFtcCUzQnElM0R2aWElMjUyMG51b3ZhJTI1MjB6ZWxhbmRhJTI1MjA4JTI1MjBwYWRvdmElMkIlMjhEaXNzZWduYSUyNTIwTG9naXN0aWNzJTI5JTI2YW1wJTNCdCUzRGslMjZhbXAlM0J6JTNEMTQlMjZhbXAlM0JpZSUzRFVURjglMjZhbXAlM0Jpd2xvYyUzREIlMjZhbXAlM0JvdXRwdXQlM0RlbWJlZCUyMiUzRSUzQyUyRmlmcmFtZSUzRQ==\u00a0\u00bb size=\u00a0\u00bb500&Prime;][\/vc_column][\/vc_row][vc_row row_btt_skin=\u00a0\u00bblight\u00a0\u00bb row_background_text_position=\u00a0\u00bbfront\u00a0\u00bb][vc_column][vc_empty_space height=\u00a0\u00bb50px\u00a0\u00bb][\/vc_column][\/vc_row][vc_row equal_height=\u00a0\u00bbyes\u00a0\u00bb rtl_reverse=\u00a0\u00bbyes\u00a0\u00bb content_placement=\u00a0\u00bbmiddle\u00a0\u00bb row_content_width=\u00a0\u00bbgrid\u00a0\u00bb row_btt_skin=\u00a0\u00bblight\u00a0\u00bb row_background_text_position=\u00a0\u00bbfront\u00a0\u00bb css=\u00a0\u00bb.vc_custom_1619080667121{padding-bottom: 120px !important;}\u00a0\u00bb][vc_column offset=\u00a0\u00bbvc_col-lg-6&Prime; el_class=\u00a0\u00bbvc_col-sm-push-6&Prime;]<div class=\"mkdf-elements-holder   mkdf-one-column  mkdf-responsive-mode-768 \" ><div class=\"mkdf-eh-item    \"  data-item-class=\"mkdf-eh-custom-5646\" data-769-1024=\"0px 0px 0px 0px\" data-681-768=\"0px 0px 0px 0px\" data-680=\"0px 0px 0px 0px\">\n\t<div class=\"mkdf-eh-item-inner\">\n\t\t<div class=\"mkdf-eh-item-content mkdf-eh-custom-5646\" style=\"padding: 0 8% 0\">\n\t\t\t<div class=\"mkdf-section-title-holder  mkdf-st-standard mkdf-st-title-left mkdf-st-normal-space \" >\n\t<div class=\"mkdf-st-inner\">\n        \t\t\t\t\t<h3 class=\"mkdf-st-title\" >\n\t\t\t\tUne liaison directe avec les douanes\t\t\t<\/h3>\n\t\t\t\t\t\t\t<h5 class=\"mkdf-st-text\" >\n\t\t\t\tOubliez documents et bureaucratie.\t\t\t<\/h5>\n\t\t\t<\/div>\n<\/div>[vc_empty_space height=\u00a0\u00bb10px\u00a0\u00bb][vc_column_text]Les op\u00e9rations douani\u00e8res n&rsquo;ont jamais \u00e9t\u00e9 aussi simples.<br \/>\nGr\u00e2ce \u00e0 des partenariats solides, les fronti\u00e8res sont balay\u00e9es et les marchandises transitent sans interruption.<br \/>\nLe r\u00e9cent d\u00e9fi du Brexit a lui aussi \u00e9t\u00e9 relev\u00e9, voyez ci-dessous la proc\u00e9dure permettant de poursuivre les \u00e9changes import\/export avec le Royaume-Uni.[\/vc_column_text]<a itemprop=\"url\" href=\"https:\/\/logistics.dissegna.com\/devis\" target=\"_blank\" style=\"color: #1d3053;background-color: #f4e62b;border-color: #f4e62b;margin: 30px 0px 0px 0px;padding: 7px 38px\" class=\"mkdf-btn mkdf-btn-medium mkdf-btn-solid mkdf-btn-custom-hover-color\" data-hover-color=\"#1d3053\" >\n    <span class=\"mkdf-btn-text\">Contactez-nous<\/span>\n    <\/a>[vc_empty_space height=\u00a0\u00bb25px\u00a0\u00bb]\t\t<\/div>\n\t<\/div>\n<\/div><\/div>[\/vc_column][vc_column offset=\u00a0\u00bbvc_col-lg-6&Prime; el_class=\u00a0\u00bbvc_col-sm-pull-6&Prime;][vc_single_image image=\u00a0\u00bb9976&Prime; img_size=\u00a0\u00bbfull\u00a0\u00bb][\/vc_column][\/vc_row][\/vc_section]<\/p>\n<\/section>","protected":false},"excerpt":{"rendered":"<p>[vc_section el_class=\u00a0\u00bbpadding-section\u00a0\u00bb css=\u00a0\u00bb.vc_custom_1621849196062{padding-bottom: 0px !important;}\u00a0\u00bb][vc_row equal_height=\u00a0\u00bbyes\u00a0\u00bb content_placement=\u00a0\u00bbmiddle\u00a0\u00bb row_content_width=\u00a0\u00bbgrid\u00a0\u00bb row_btt_skin=\u00a0\u00bblight\u00a0\u00bb row_background_text_position=\u00a0\u00bbfront\u00a0\u00bb][vc_column offset=\u00a0\u00bbvc_col-lg-6&Prime;][\/vc_column][vc_column offset=\u00a0\u00bbvc_col-lg-6&Prime;][vc_gmaps link=\u00a0\u00bb#E-8_JTNDaWZyYW1lJTIwd2lkdGglM0QlMjIxMDAlMjUlMjIlMjBoZWlnaHQlM0QlMjI2MDAlMjIlMjBmcmFtZWJvcmRlciUzRCUyMjAlMjIlMjBzY3JvbGxpbmclM0QlMjJubyUyMiUyMG1hcmdpbmhlaWdodCUzRCUyMjAlMjIlMjBtYXJnaW53aWR0aCUzRCUyMjAlMjIlMjBzcmMlM0QlMjJodHRwcyUzQSUyRiUyRm1hcHMuZ29vZ2xlLmNvbSUyRm1hcHMlM0Z3aWR0aCUzRDEwMCUyNTI1JTI2YW1wJTNCaGVpZ2h0JTNENjAwJTI2YW1wJTNCaGwlM0RlbiUyNmFtcCUzQnElM0R2aWElMjUyMG51b3ZhJTI1MjB6ZWxhbmRhJTI1MjA4JTI1MjBwYWRvdmElMkIlMjhEaXNzZWduYSUyNTIwTG9naXN0aWNzJTI5JTI2YW1wJTNCdCUzRGslMjZhbXAlM0J6JTNEMTQlMjZhbXAlM0JpZSUzRFVURjglMjZhbXAlM0Jpd2xvYyUzREIlMjZhbXAlM0JvdXRwdXQlM0RlbWJlZCUyMiUzRSUzQyUyRmlmcmFtZSUzRQ==\u00a0\u00bb size=\u00a0\u00bb500&Prime;][\/vc_column][\/vc_row][vc_row row_btt_skin=\u00a0\u00bblight\u00a0\u00bb row_background_text_position=\u00a0\u00bbfront\u00a0\u00bb][vc_column][vc_empty_space height=\u00a0\u00bb50px\u00a0\u00bb][\/vc_column][\/vc_row][vc_row equal_height=\u00a0\u00bbyes\u00a0\u00bb rtl_reverse=\u00a0\u00bbyes\u00a0\u00bb content_placement=\u00a0\u00bbmiddle\u00a0\u00bb row_content_width=\u00a0\u00bbgrid\u00a0\u00bb row_btt_skin=\u00a0\u00bblight\u00a0\u00bb row_background_text_position=\u00a0\u00bbfront\u00a0\u00bb css=\u00a0\u00bb.vc_custom_1619080667121{padding-bottom: 120px !important;}\u00a0\u00bb][vc_column offset=\u00a0\u00bbvc_col-lg-6&Prime; el_class=\u00a0\u00bbvc_col-sm-push-6&Prime;][\/vc_column][vc_column offset=\u00a0\u00bbvc_col-lg-6&Prime; el_class=\u00a0\u00bbvc_col-sm-pull-6&Prime;][vc_single_image image=\u00a0\u00bb9976&Prime; img_size=\u00a0\u00bbfull\u00a0\u00bb][\/vc_column][\/vc_row][\/vc_section]<\/p>\n","protected":false},"author":1,"featured_media":0,"parent":0,"menu_order":0,"comment_status":"closed","ping_status":"closed","template":"full-width.php","meta":{"inline_featured_image":false,"footnotes":""},"class_list":["post-11664","page","type-page","status-publish","hentry"],"yoast_head":"<!-- This site is optimized with the Yoast SEO plugin v19.9 - https:\/\/yoast.com\/wordpress\/plugins\/seo\/ -->\n<title>Services douaniers - Dissegna Logistics<\/title>\n<meta name=\"description\" content=\"Les op\u00e9rations douani\u00e8res, y compris hors-UE, sont notre carte de visite en vue d&#039;une gestion int\u00e9grale et int\u00e9gr\u00e9e de la logistique.\" \/>\n<meta name=\"robots\" content=\"index, follow, max-snippet:-1, max-image-preview:large, max-video-preview:-1\" \/>\n<link rel=\"canonical\" href=\"https:\/\/www.dissegna.com\/fr\/logistique\/\" \/>\n<meta property=\"og:locale\" content=\"fr_FR\" \/>\n<meta property=\"og:type\" content=\"article\" \/>\n<meta property=\"og:title\" content=\"Services douaniers - Dissegna Logistics\" \/>\n<meta property=\"og:description\" content=\"Les op\u00e9rations douani\u00e8res, y compris hors-UE, sont notre carte de visite en vue d&#039;une gestion int\u00e9grale et int\u00e9gr\u00e9e de la logistique.\" \/>\n<meta property=\"og:url\" content=\"https:\/\/www.dissegna.com\/fr\/logistique\/\" \/>\n<meta property=\"og:site_name\" content=\"Dissegna\" \/>\n<meta property=\"article:modified_time\" content=\"2022-09-07T13:49:16+00:00\" \/>\n<meta name=\"twitter:card\" content=\"summary_large_image\" \/>\n<meta name=\"twitter:label1\" content=\"Dur\u00e9e de lecture estim\u00e9e\" \/>\n\t<meta name=\"twitter:data1\" content=\"2 minutes\" \/>\n<script type=\"application\/ld+json\" class=\"yoast-schema-graph\">{\"@context\":\"https:\/\/schema.org\",\"@graph\":[{\"@type\":\"WebPage\",\"@id\":\"https:\/\/www.dissegna.com\/fr\/logistique\/\",\"url\":\"https:\/\/www.dissegna.com\/fr\/logistique\/\",\"name\":\"Services douaniers - Dissegna Logistics\",\"isPartOf\":{\"@id\":\"https:\/\/www.dissegna.com\/#website\"},\"datePublished\":\"2021-02-16T17:31:41+00:00\",\"dateModified\":\"2022-09-07T13:49:16+00:00\",\"description\":\"Les op\u00e9rations douani\u00e8res, y compris hors-UE, sont notre carte de visite en vue d'une gestion int\u00e9grale et int\u00e9gr\u00e9e de la logistique.\",\"breadcrumb\":{\"@id\":\"https:\/\/www.dissegna.com\/fr\/logistique\/#breadcrumb\"},\"inLanguage\":\"fr-FR\",\"potentialAction\":[{\"@type\":\"ReadAction\",\"target\":[\"https:\/\/www.dissegna.com\/fr\/logistique\/\"]}]},{\"@type\":\"BreadcrumbList\",\"@id\":\"https:\/\/www.dissegna.com\/fr\/logistique\/#breadcrumb\",\"itemListElement\":[{\"@type\":\"ListItem\",\"position\":1,\"name\":\"Home\",\"item\":\"https:\/\/www.dissegna.com\/fr\/\"},{\"@type\":\"ListItem\",\"position\":2,\"name\":\"Logistique\"}]},{\"@type\":\"WebSite\",\"@id\":\"https:\/\/www.dissegna.com\/#website\",\"url\":\"https:\/\/www.dissegna.com\/\",\"name\":\"Dissegna\",\"description\":\"\",\"potentialAction\":[{\"@type\":\"SearchAction\",\"target\":{\"@type\":\"EntryPoint\",\"urlTemplate\":\"https:\/\/www.dissegna.com\/?s={search_term_string}\"},\"query-input\":\"required name=search_term_string\"}],\"inLanguage\":\"fr-FR\"}]}<\/script>\n<!-- \/ Yoast SEO plugin. -->","yoast_head_json":{"title":"Services douaniers - Dissegna Logistics","description":"Les op\u00e9rations douani\u00e8res, y compris hors-UE, sont notre carte de visite en vue d'une gestion int\u00e9grale et int\u00e9gr\u00e9e de la logistique.","robots":{"index":"index","follow":"follow","max-snippet":"max-snippet:-1","max-image-preview":"max-image-preview:large","max-video-preview":"max-video-preview:-1"},"canonical":"https:\/\/www.dissegna.com\/fr\/logistique\/","og_locale":"fr_FR","og_type":"article","og_title":"Services douaniers - Dissegna Logistics","og_description":"Les op\u00e9rations douani\u00e8res, y compris hors-UE, sont notre carte de visite en vue d'une gestion int\u00e9grale et int\u00e9gr\u00e9e de la logistique.","og_url":"https:\/\/www.dissegna.com\/fr\/logistique\/","og_site_name":"Dissegna","article_modified_time":"2022-09-07T13:49:16+00:00","twitter_card":"summary_large_image","twitter_misc":{"Dur\u00e9e de lecture estim\u00e9e":"2 minutes"},"schema":{"@context":"https:\/\/schema.org","@graph":[{"@type":"WebPage","@id":"https:\/\/www.dissegna.com\/fr\/logistique\/","url":"https:\/\/www.dissegna.com\/fr\/logistique\/","name":"Services douaniers - Dissegna Logistics","isPartOf":{"@id":"https:\/\/www.dissegna.com\/#website"},"datePublished":"2021-02-16T17:31:41+00:00","dateModified":"2022-09-07T13:49:16+00:00","description":"Les op\u00e9rations douani\u00e8res, y compris hors-UE, sont notre carte de visite en vue d'une gestion int\u00e9grale et int\u00e9gr\u00e9e de la logistique.","breadcrumb":{"@id":"https:\/\/www.dissegna.com\/fr\/logistique\/#breadcrumb"},"inLanguage":"fr-FR","potentialAction":[{"@type":"ReadAction","target":["https:\/\/www.dissegna.com\/fr\/logistique\/"]}]},{"@type":"BreadcrumbList","@id":"https:\/\/www.dissegna.com\/fr\/logistique\/#breadcrumb","itemListElement":[{"@type":"ListItem","position":1,"name":"Home","item":"https:\/\/www.dissegna.com\/fr\/"},{"@type":"ListItem","position":2,"name":"Logistique"}]},{"@type":"WebSite","@id":"https:\/\/www.dissegna.com\/#website","url":"https:\/\/www.dissegna.com\/","name":"Dissegna","description":"","potentialAction":[{"@type":"SearchAction","target":{"@type":"EntryPoint","urlTemplate":"https:\/\/www.dissegna.com\/?s={search_term_string}"},"query-input":"required name=search_term_string"}],"inLanguage":"fr-FR"}]}},"_links":{"self":[{"href":"https:\/\/www.dissegna.com\/fr\/wp-json\/wp\/v2\/pages\/11664","targetHints":{"allow":["GET"]}}],"collection":[{"href":"https:\/\/www.dissegna.com\/fr\/wp-json\/wp\/v2\/pages"}],"about":[{"href":"https:\/\/www.dissegna.com\/fr\/wp-json\/wp\/v2\/types\/page"}],"author":[{"embeddable":true,"href":"https:\/\/www.dissegna.com\/fr\/wp-json\/wp\/v2\/users\/1"}],"replies":[{"embeddable":true,"href":"https:\/\/www.dissegna.com\/fr\/wp-json\/wp\/v2\/comments?post=11664"}],"version-history":[{"count":5,"href":"https:\/\/www.dissegna.com\/fr\/wp-json\/wp\/v2\/pages\/11664\/revisions"}],"predecessor-version":[{"id":12355,"href":"https:\/\/www.dissegna.com\/fr\/wp-json\/wp\/v2\/pages\/11664\/revisions\/12355"}],"wp:attachment":[{"href":"https:\/\/www.dissegna.com\/fr\/wp-json\/wp\/v2\/media?parent=11664"}],"curies":[{"name":"wp","href":"https:\/\/api.w.org\/{rel}","templated":true}]}}