{"id":13383,"date":"2024-05-14T10:06:56","date_gmt":"2024-05-14T10:06:56","guid":{"rendered":"https:\/\/www.dissegna.com\/?page_id=13383"},"modified":"2024-05-14T10:09:55","modified_gmt":"2024-05-14T10:09:55","slug":"zertifizierungen","status":"publish","type":"page","link":"https:\/\/www.dissegna.com\/de\/zertifizierungen\/","title":{"rendered":"Zertifizierungen"},"content":{"rendered":"<section class=\"wpb-content-wrapper\"><p>[vc_section el_class=&#8220;padding-section&#8220;][vc_row row_content_width=&#8220;grid&#8220; row_btt_skin=&#8220;light&#8220; row_background_text_position=&#8220;front&#8220;][vc_column offset=&#8220;vc_col-lg-5&#8243;]<div class=\"mkdf-section-title-holder  mkdf-st-standard mkdf-st-title-left mkdf-st-normal-space \" >\n\t<div class=\"mkdf-st-inner\">\n        \t\t\t\t\t<h2 class=\"mkdf-st-title\" >\n\t\t\t\tJE GR\u00d6SSER DAS ENGAGEMENT, DESTO H\u00d6HER DIE QUALIT\u00c4T\t\t\t<\/h2>\n\t\t\t\t\t<\/div>\n<\/div>[vc_empty_space height=&#8220;10px&#8220;][\/vc_column][vc_column offset=&#8220;vc_col-lg-offset-1 vc_col-lg-6&#8243;][vc_column_text]Der einzige Weg, um Exzellenz im Sektor des intermodalen G\u00fcterverkehrs und der Logistik zu erreichen, ist gutes Arbeiten. Deshalb perfektionieren wir seit Jahren unsere betriebliche Leistung im B\u00fcro und im G\u00fcterverkehr.<\/p>\n<p>Wir garantieren dem Personal und den Kunden die gleiche Qualit\u00e4t auf h\u00f6chstem Niveau, die wir von uns selbst erwarten. Wir machen keine Kompromisse: Wir wollen <strong>Dissegna Logistics<\/strong> f\u00fcr die Umsetzung der <strong>Best Practice im Unternehmen<\/strong> zu einem Bezugspunkt in der Branche machen.[\/vc_column_text][\/vc_column][\/vc_row][\/vc_section][vc_section css=&#8220;.vc_custom_1619078422709{background-color: #202e4f !important;}&#8220; el_class=&#8220;padding-section&#8220;][vc_row row_content_width=&#8220;grid&#8220; row_btt_skin=&#8220;light&#8220; row_background_text_position=&#8220;front&#8220; el_class=&#8220;dark-row no-margin-row&#8220;][vc_column width=&#8220;1\/6&#8243;][\/vc_column][vc_column width=&#8220;2\/3&#8243;]<div class=\"mkdf-section-title-holder  mkdf-st-standard mkdf-st-title-left mkdf-st-normal-space \" >\n\t<div class=\"mkdf-st-inner\">\n        \t\t\t\t\t<h2 class=\"mkdf-st-title\" style=\"color: #ffffff\">\n\t\t\t\tDIE ZERTIFIZIERUNGEN VON DISSEGNA LOGISTICS\t\t\t<\/h2>\n\t\t\t\t\t<\/div>\n<\/div>[\/vc_column][vc_column width=&#8220;1\/6&#8243;][\/vc_column][\/vc_row][\/vc_section][vc_section el_class=&#8220;padding-section&#8220;][vc_row equal_height=&#8220;yes&#8220; content_placement=&#8220;middle&#8220; row_content_width=&#8220;grid&#8220; row_btt_skin=&#8220;light&#8220; row_background_text_position=&#8220;front&#8220;][vc_column offset=&#8220;vc_col-lg-12&#8243;]<div class=\"mkdf-elements-holder   mkdf-one-column  mkdf-responsive-mode-768 \" ><div class=\"mkdf-eh-item    \"  data-item-class=\"mkdf-eh-custom-6126\" data-769-1024=\"0px 0px 0px 0px\" data-681-768=\"0px 0px 0px 0px\" data-680=\"0px 0px 0px 0px\">\n\t<div class=\"mkdf-eh-item-inner\">\n\t\t<div class=\"mkdf-eh-item-content mkdf-eh-custom-6126\" style=\"padding: 0 8% 0 0\">\n\t\t\t[vc_empty_space height=&#8220;10px&#8220;][vc_column_text]Die Investition von Zeit und Ressourcen in unsere Organisation ist nicht nur eine strategische Entscheidung, sondern auch eine Verantwortung gegen\u00fcber den Personen, die mit Dissegna Logistics interagieren. Dieses Engagement wurde von den zahlreichen Zertifizierungen anerkannt, die wir erhalten haben und die den Einsatz des Unternehmens und seiner Mitarbeiter f\u00fcr das Erreichen der Exzellenz belegen. Die Bescheinigungen der internationalen Zertifizierungsstellen best\u00e4tigen ein hohes Niveau in der Dienstleistung, der Organisation und dem Management jeder Phase des Logistik- und Transportprozesses und machen uns wirklich stolz.[\/vc_column_text][vc_empty_space height=&#8220;25px&#8220;]\t\t<\/div>\n\t<\/div>\n<\/div><\/div>[\/vc_column][\/vc_row][vc_row equal_height=&#8220;yes&#8220; content_placement=&#8220;middle&#8220; row_content_width=&#8220;grid&#8220; row_btt_skin=&#8220;light&#8220; row_background_text_position=&#8220;front&#8220;][vc_column width=&#8220;1\/4&#8243; offset=&#8220;vc_col-lg-3&#8243;]<div class=\"mkdf-elements-holder   mkdf-one-column  mkdf-responsive-mode-768 \" ><div class=\"mkdf-eh-item    \"  data-item-class=\"mkdf-eh-custom-3563\" data-769-1024=\"0px 0px 0px 0px\" data-681-768=\"0px 0px 0px 0px\" data-680=\"0px 0px 0px 0px\">\n\t<div class=\"mkdf-eh-item-inner\">\n\t\t<div class=\"mkdf-eh-item-content mkdf-eh-custom-3563\" style=\"padding: 0 8% 0 0\">\n\t\t\t[vc_single_image image=&#8220;13388&#8243; img_size=&#8220;medium&#8220; alignment=&#8220;center&#8220;][vc_btn title=&#8220;Zertifikat f\u00fcr Managementsystem&#8220; style=&#8220;gradient-custom&#8220; gradient_custom_color_1=&#8220;#f4e62b&#8220; gradient_custom_color_2=&#8220;#f4e62b&#8220; gradient_text_color=&#8220;#202e4f&#8220; shape=&#8220;square&#8220; size=&#8220;lg&#8220; align=&#8220;center&#8220; link=&#8220;url:https%3A%2F%2Fwww.dissegna.com%2Fwp-content%2Fuploads%2F2024%2F03%2FISO-9001-10000292147-MSC-ACCREDIA-ITA-2-it-IT-20230208-20230208131627.pdf|target:_blank&#8220; css=&#8220;.vc_custom_1715681316253{margin-top: 30px !important;}&#8220;][vc_btn title=&#8220;IFS-zertifiziert&#8220; style=&#8220;gradient-custom&#8220; gradient_custom_color_1=&#8220;#f4e62b&#8220; gradient_custom_color_2=&#8220;#f4e62b&#8220; gradient_text_color=&#8220;#202e4f&#8220; shape=&#8220;square&#8220; size=&#8220;lg&#8220; align=&#8220;center&#8220; link=&#8220;url:https%3A%2F%2Fwww.dissegna.com%2Fwp-content%2Fuploads%2F2024%2F03%2FIFS-Certificate.pdf|target:_blank&#8220; css=&#8220;.vc_custom_1715681330621{margin-top: 30px !important;}&#8220;]\t\t<\/div>\n\t<\/div>\n<\/div><\/div>[\/vc_column][vc_column width=&#8220;1\/4&#8243;]<div class=\"mkdf-elements-holder   mkdf-one-column  mkdf-responsive-mode-768 \" ><div class=\"mkdf-eh-item    \"  data-item-class=\"mkdf-eh-custom-5951\" data-769-1024=\"0px 0px 0px 0px\" data-681-768=\"0px 0px 0px 0px\" data-680=\"0px 0px 0px 0px\">\n\t<div class=\"mkdf-eh-item-inner\">\n\t\t<div class=\"mkdf-eh-item-content mkdf-eh-custom-5951\" style=\"padding: 0 8% 0 0\">\n\t\t\t[vc_single_image image=&#8220;13390&#8243; img_size=&#8220;medium&#8220; alignment=&#8220;center&#8220;][vc_btn title=&#8220;Tapa TSR-zertifiziert&#8220; style=&#8220;gradient-custom&#8220; gradient_custom_color_1=&#8220;#f4e62b&#8220; gradient_custom_color_2=&#8220;#f4e62b&#8220; gradient_text_color=&#8220;#202e4f&#8220; shape=&#8220;square&#8220; size=&#8220;lg&#8220; align=&#8220;center&#8220; link=&#8220;url:https%3A%2F%2Fwww.dissegna.com%2Fwp-content%2Fuploads%2F2024%2F03%2FCERTIFICATO-TAPA-BG21-872086_compressed.pdf|target:_blank&#8220; css=&#8220;.vc_custom_1715681350992{margin-top: 30px !important;}&#8220;]\t\t<\/div>\n\t<\/div>\n<\/div><\/div>[\/vc_column][vc_column width=&#8220;1\/4&#8243;]<div class=\"mkdf-elements-holder   mkdf-one-column  mkdf-responsive-mode-768 \" ><div class=\"mkdf-eh-item    \"  data-item-class=\"mkdf-eh-custom-2801\" data-769-1024=\"0px 0px 0px 0px\" data-681-768=\"0px 0px 0px 0px\" data-680=\"0px 0px 0px 0px\">\n\t<div class=\"mkdf-eh-item-inner\">\n\t\t<div class=\"mkdf-eh-item-content mkdf-eh-custom-2801\" style=\"padding: 0 8% 0 0\">\n\t\t\t[vc_single_image image=&#8220;13389&#8243; img_size=&#8220;medium&#8220; alignment=&#8220;center&#8220;][vc_btn title=&#8220;ESG-Abschlussbericht&#8220; style=&#8220;gradient-custom&#8220; gradient_custom_color_1=&#8220;#f4e62b&#8220; gradient_custom_color_2=&#8220;#f4e62b&#8220; gradient_text_color=&#8220;#202e4f&#8220; shape=&#8220;square&#8220; size=&#8220;lg&#8220; align=&#8220;center&#8220; link=&#8220;url:https%3A%2F%2Fwww.dissegna.com%2Fwp-content%2Fuploads%2F2024%2F03%2Fdmlv6agr_F.lli_Dissegna_S.r.l._-_Report_Finale.pdf|target:_blank&#8220; css=&#8220;.vc_custom_1715681362568{margin-top: 30px !important;}&#8220;][vc_btn title=&#8220;ESG Rating&#8220; style=&#8220;gradient-custom&#8220; gradient_custom_color_1=&#8220;#f4e62b&#8220; gradient_custom_color_2=&#8220;#f4e62b&#8220; gradient_text_color=&#8220;#202e4f&#8220; shape=&#8220;square&#8220; size=&#8220;lg&#8220; align=&#8220;center&#8220; link=&#8220;url:https%3A%2F%2Fwww.dissegna.com%2Fwp-content%2Fuploads%2F2024%2F03%2FPBMD3OxI_F.lli_Dissegna_S.r.l._-_Attestato.pdf|target:_blank&#8220; css=&#8220;.vc_custom_1711535964186{margin-top: 30px !important;}&#8220;]\t\t<\/div>\n\t<\/div>\n<\/div><\/div>[\/vc_column][vc_column width=&#8220;1\/4&#8243;]<div class=\"mkdf-elements-holder   mkdf-one-column  mkdf-responsive-mode-768 \" ><div class=\"mkdf-eh-item    \"  data-item-class=\"mkdf-eh-custom-8601\" data-769-1024=\"0px 0px 0px 0px\" data-681-768=\"0px 0px 0px 0px\" data-680=\"0px 0px 0px 0px\">\n\t<div class=\"mkdf-eh-item-inner\">\n\t\t<div class=\"mkdf-eh-item-content mkdf-eh-custom-8601\" style=\"padding: 0 8% 0 0\">\n\t\t\t[vc_single_image image=&#8220;13391&#8243; img_size=&#8220;medium&#8220; alignment=&#8220;center&#8220;][vc_btn title=&#8220;TCR-Abschlussbericht&#8220; style=&#8220;gradient-custom&#8220; gradient_custom_color_1=&#8220;#f4e62b&#8220; gradient_custom_color_2=&#8220;#f4e62b&#8220; gradient_text_color=&#8220;#202e4f&#8220; shape=&#8220;square&#8220; size=&#8220;lg&#8220; align=&#8220;center&#8220; link=&#8220;url:https%3A%2F%2Fwww.dissegna.com%2Fwp-content%2Fuploads%2F2024%2F03%2FF.lli_Dissegna_S.r.l._-_Report_Finale.pdf|target:_blank&#8220; css=&#8220;.vc_custom_1715681375333{margin-top: 30px !important;}&#8220;][vc_btn title=&#8220;TCR Rating&#8220; style=&#8220;gradient-custom&#8220; gradient_custom_color_1=&#8220;#f4e62b&#8220; gradient_custom_color_2=&#8220;#f4e62b&#8220; gradient_text_color=&#8220;#202e4f&#8220; shape=&#8220;square&#8220; size=&#8220;lg&#8220; align=&#8220;center&#8220; link=&#8220;url:https%3A%2F%2Fwww.dissegna.com%2Fwp-content%2Fuploads%2F2024%2F03%2FF.lli_Dissegna_S.r.l._-_Attestato.pdf|target:_blank&#8220; css=&#8220;.vc_custom_1711536018608{margin-top: 30px !important;}&#8220;]\t\t<\/div>\n\t<\/div>\n<\/div><\/div>[\/vc_column][\/vc_row][vc_row row_btt_skin=&#8220;light&#8220; row_background_text_position=&#8220;front&#8220;][vc_column][vc_empty_space height=&#8220;25px&#8220;][\/vc_column][\/vc_row][\/vc_section][vc_section el_class=&#8220;padding-section&#8220; css=&#8220;.vc_custom_1620395293460{background-color: #f4f4f4 !important;}&#8220;][vc_row equal_height=&#8220;yes&#8220; content_placement=&#8220;middle&#8220; row_content_width=&#8220;grid&#8220; row_btt_skin=&#8220;dark&#8220; row_background_text_position=&#8220;front&#8220;][vc_column offset=&#8220;vc_col-lg-12&#8243;]<div class=\"mkdf-section-title-holder  mkdf-st-standard mkdf-st-title-left mkdf-st-normal-space mkdf-st-disable-title-break\" >\n\t<div class=\"mkdf-st-inner\">\n        \t\t\t\t\t<h2 class=\"mkdf-st-title\" >\n\t\t\t\tWAS BESCHEINIGEN DIESE ZERTIFIZIERUNGEN?\t\t\t<\/h2>\n\t\t\t\t\t<\/div>\n<\/div>[vc_empty_space height=&#8220;15px&#8220;][vc_column_text]Die Umsetzung der erforderlichen Prozeduren und Protokolle. Die Einf\u00fchrung der Best Practice am Arbeitsplatz. Die Optimierung der internen Str\u00f6me und Dynamiken. Und &#8211; zwischen den Zeilen &#8211; auch die Seriosit\u00e4t, das Engagement, die Leidenschaft und die Aufmerksamkeit f\u00fcr das Detail und die Gesamtheit.<br \/>\nDie Erf\u00fcllung aller dieser Anforderungen und vieler weiterer wird Dissegna Logistics bescheinigt. Unsere Aufmerksamkeit gilt den einzelnen Aspekten der Organisation &#8211; Personen, Arbeitsmittel und Abl\u00e4ufe, weil das die einzige M\u00f6glichkeit ist, die wir kennen, um einen hohen Standard der Kompetenzen und damit der Dienstleistung zu gew\u00e4hrleisten. Indem wir gut Arbeiten, werden wir dem Vertrauen gerecht, das die Kunden und ihre Verbraucher in uns setzen. Und wir zeigen damit, dass wir ein zuverl\u00e4ssiger und verantwortungsbewusster Partner sind, der in der Lage ist, die Anforderungen des Markts zu erf\u00fcllen, ohne den Respekt f\u00fcr die Arbeit und die Gemeinschaft aus den Augen zu verlieren.<br \/>\n[\/vc_column_text][vc_empty_space height=&#8220;25px&#8220;][\/vc_column][\/vc_row][\/vc_section]<\/p>\n<\/section>","protected":false},"excerpt":{"rendered":"<p>[vc_section el_class=&#8220;padding-section&#8220;][vc_row row_content_width=&#8220;grid&#8220; row_btt_skin=&#8220;light&#8220; row_background_text_position=&#8220;front&#8220;][vc_column offset=&#8220;vc_col-lg-5&#8243;][vc_empty_space height=&#8220;10px&#8220;][\/vc_column][vc_column offset=&#8220;vc_col-lg-offset-1 vc_col-lg-6&#8243;][vc_column_text]Der einzige Weg, um Exzellenz im Sektor des intermodalen G\u00fcterverkehrs und der Logistik zu erreichen, ist gutes Arbeiten. Deshalb perfektionieren wir seit Jahren unsere betriebliche Leistung im B\u00fcro und im G\u00fcterverkehr. Wir [&hellip;]<\/p>\n","protected":false},"author":4,"featured_media":0,"parent":0,"menu_order":0,"comment_status":"closed","ping_status":"closed","template":"full-width.php","meta":{"inline_featured_image":false,"footnotes":""},"class_list":["post-13383","page","type-page","status-publish","hentry"],"yoast_head":"<!-- This site is optimized with the Yoast SEO plugin v19.9 - https:\/\/yoast.com\/wordpress\/plugins\/seo\/ -->\n<title>Zertifizierungen - Dissegna Logistics<\/title>\n<meta name=\"robots\" content=\"index, follow, max-snippet:-1, max-image-preview:large, max-video-preview:-1\" \/>\n<link rel=\"canonical\" href=\"https:\/\/www.dissegna.com\/de\/unternehmen\/\" \/>\n<meta property=\"og:locale\" content=\"de_DE\" \/>\n<meta property=\"og:type\" content=\"article\" \/>\n<meta property=\"og:title\" content=\"Zertifizierungen - Dissegna Logistics\" \/>\n<meta property=\"og:description\" content=\"[vc_section el_class=&#8220;padding-section&#8220;][vc_row row_content_width=&#8220;grid&#8220; row_btt_skin=&#8220;light&#8220; row_background_text_position=&#8220;front&#8220;][vc_column offset=&#8220;vc_col-lg-5&#8243;][vc_empty_space height=&#8220;10px&#8220;][\/vc_column][vc_column offset=&#8220;vc_col-lg-offset-1 vc_col-lg-6&#8243;][vc_column_text]Der einzige Weg, um Exzellenz im Sektor des intermodalen G\u00fcterverkehrs und der Logistik zu erreichen, ist gutes Arbeiten. Deshalb perfektionieren wir seit Jahren unsere betriebliche Leistung im B\u00fcro und im G\u00fcterverkehr. Wir [&hellip;]\" \/>\n<meta property=\"og:url\" content=\"https:\/\/www.dissegna.com\/de\/unternehmen\/\" \/>\n<meta property=\"og:site_name\" content=\"Dissegna\" \/>\n<meta property=\"article:modified_time\" content=\"2024-05-14T10:09:55+00:00\" \/>\n<meta name=\"twitter:card\" content=\"summary_large_image\" \/>\n<meta name=\"twitter:label1\" content=\"Gesch\u00e4tzte Lesezeit\" \/>\n\t<meta name=\"twitter:data1\" content=\"5\u00a0Minuten\" \/>\n<script type=\"application\/ld+json\" class=\"yoast-schema-graph\">{\"@context\":\"https:\/\/schema.org\",\"@graph\":[{\"@type\":\"WebPage\",\"@id\":\"https:\/\/www.dissegna.com\/de\/zertifizierungen\/\",\"url\":\"https:\/\/www.dissegna.com\/de\/unternehmen\/\",\"name\":\"Zertifizierungen - Dissegna Logistics\",\"isPartOf\":{\"@id\":\"https:\/\/www.dissegna.com\/#website\"},\"datePublished\":\"2024-05-14T10:06:56+00:00\",\"dateModified\":\"2024-05-14T10:09:55+00:00\",\"breadcrumb\":{\"@id\":\"https:\/\/www.dissegna.com\/de\/unternehmen\/#breadcrumb\"},\"inLanguage\":\"de\",\"potentialAction\":[{\"@type\":\"ReadAction\",\"target\":[\"https:\/\/www.dissegna.com\/de\/unternehmen\/\"]}]},{\"@type\":\"BreadcrumbList\",\"@id\":\"https:\/\/www.dissegna.com\/de\/unternehmen\/#breadcrumb\",\"itemListElement\":[{\"@type\":\"ListItem\",\"position\":1,\"name\":\"Home\",\"item\":\"https:\/\/www.dissegna.com\/de\/\"},{\"@type\":\"ListItem\",\"position\":2,\"name\":\"Zertifizierungen\"}]},{\"@type\":\"WebSite\",\"@id\":\"https:\/\/www.dissegna.com\/#website\",\"url\":\"https:\/\/www.dissegna.com\/\",\"name\":\"Dissegna\",\"description\":\"\",\"potentialAction\":[{\"@type\":\"SearchAction\",\"target\":{\"@type\":\"EntryPoint\",\"urlTemplate\":\"https:\/\/www.dissegna.com\/?s={search_term_string}\"},\"query-input\":\"required name=search_term_string\"}],\"inLanguage\":\"de\"}]}<\/script>\n<!-- \/ Yoast SEO plugin. -->","yoast_head_json":{"title":"Zertifizierungen - Dissegna Logistics","robots":{"index":"index","follow":"follow","max-snippet":"max-snippet:-1","max-image-preview":"max-image-preview:large","max-video-preview":"max-video-preview:-1"},"canonical":"https:\/\/www.dissegna.com\/de\/unternehmen\/","og_locale":"de_DE","og_type":"article","og_title":"Zertifizierungen - Dissegna Logistics","og_description":"[vc_section el_class=&#8220;padding-section&#8220;][vc_row row_content_width=&#8220;grid&#8220; row_btt_skin=&#8220;light&#8220; row_background_text_position=&#8220;front&#8220;][vc_column offset=&#8220;vc_col-lg-5&#8243;][vc_empty_space height=&#8220;10px&#8220;][\/vc_column][vc_column offset=&#8220;vc_col-lg-offset-1 vc_col-lg-6&#8243;][vc_column_text]Der einzige Weg, um Exzellenz im Sektor des intermodalen G\u00fcterverkehrs und der Logistik zu erreichen, ist gutes Arbeiten. Deshalb perfektionieren wir seit Jahren unsere betriebliche Leistung im B\u00fcro und im G\u00fcterverkehr. Wir [&hellip;]","og_url":"https:\/\/www.dissegna.com\/de\/unternehmen\/","og_site_name":"Dissegna","article_modified_time":"2024-05-14T10:09:55+00:00","twitter_card":"summary_large_image","twitter_misc":{"Gesch\u00e4tzte Lesezeit":"5\u00a0Minuten"},"schema":{"@context":"https:\/\/schema.org","@graph":[{"@type":"WebPage","@id":"https:\/\/www.dissegna.com\/de\/zertifizierungen\/","url":"https:\/\/www.dissegna.com\/de\/unternehmen\/","name":"Zertifizierungen - Dissegna Logistics","isPartOf":{"@id":"https:\/\/www.dissegna.com\/#website"},"datePublished":"2024-05-14T10:06:56+00:00","dateModified":"2024-05-14T10:09:55+00:00","breadcrumb":{"@id":"https:\/\/www.dissegna.com\/de\/unternehmen\/#breadcrumb"},"inLanguage":"de","potentialAction":[{"@type":"ReadAction","target":["https:\/\/www.dissegna.com\/de\/unternehmen\/"]}]},{"@type":"BreadcrumbList","@id":"https:\/\/www.dissegna.com\/de\/unternehmen\/#breadcrumb","itemListElement":[{"@type":"ListItem","position":1,"name":"Home","item":"https:\/\/www.dissegna.com\/de\/"},{"@type":"ListItem","position":2,"name":"Zertifizierungen"}]},{"@type":"WebSite","@id":"https:\/\/www.dissegna.com\/#website","url":"https:\/\/www.dissegna.com\/","name":"Dissegna","description":"","potentialAction":[{"@type":"SearchAction","target":{"@type":"EntryPoint","urlTemplate":"https:\/\/www.dissegna.com\/?s={search_term_string}"},"query-input":"required name=search_term_string"}],"inLanguage":"de"}]}},"_links":{"self":[{"href":"https:\/\/www.dissegna.com\/de\/wp-json\/wp\/v2\/pages\/13383","targetHints":{"allow":["GET"]}}],"collection":[{"href":"https:\/\/www.dissegna.com\/de\/wp-json\/wp\/v2\/pages"}],"about":[{"href":"https:\/\/www.dissegna.com\/de\/wp-json\/wp\/v2\/types\/page"}],"author":[{"embeddable":true,"href":"https:\/\/www.dissegna.com\/de\/wp-json\/wp\/v2\/users\/4"}],"replies":[{"embeddable":true,"href":"https:\/\/www.dissegna.com\/de\/wp-json\/wp\/v2\/comments?post=13383"}],"version-history":[{"count":4,"href":"https:\/\/www.dissegna.com\/de\/wp-json\/wp\/v2\/pages\/13383\/revisions"}],"predecessor-version":[{"id":13436,"href":"https:\/\/www.dissegna.com\/de\/wp-json\/wp\/v2\/pages\/13383\/revisions\/13436"}],"wp:attachment":[{"href":"https:\/\/www.dissegna.com\/de\/wp-json\/wp\/v2\/media?parent=13383"}],"curies":[{"name":"wp","href":"https:\/\/api.w.org\/{rel}","templated":true}]}}