{"id":11718,"date":"2021-03-17T20:29:09","date_gmt":"2021-03-17T20:29:09","guid":{"rendered":"http:\/\/dissegna.com\/tratte-speciali\/"},"modified":"2021-07-23T12:50:12","modified_gmt":"2021-07-23T12:50:12","slug":"spezialrouten","status":"publish","type":"page","link":"https:\/\/www.dissegna.com\/de\/spezialrouten\/","title":{"rendered":"Spezialrouten"},"content":{"rendered":"<section class=\"wpb-content-wrapper\"><p>[vc_section el_class=&#8220;padding-section&#8220; css=&#8220;.vc_custom_1621849105935{padding-bottom: 0px !important;}&#8220;][vc_row equal_height=&#8220;yes&#8220; content_placement=&#8220;middle&#8220; row_content_width=&#8220;grid&#8220; row_btt_skin=&#8220;light&#8220; row_background_text_position=&#8220;front&#8220;][vc_column offset=&#8220;vc_col-lg-6&#8243;]<div class=\"mkdf-elements-holder   mkdf-one-column  mkdf-responsive-mode-768 \" ><div class=\"mkdf-eh-item    \"  data-item-class=\"mkdf-eh-custom-5374\" data-769-1024=\"0px 0px 0px 0px\" data-681-768=\"0px 0px 0px 0px\" data-680=\"0px 0px 0px 0px\">\n\t<div class=\"mkdf-eh-item-inner\">\n\t\t<div class=\"mkdf-eh-item-content mkdf-eh-custom-5374\" style=\"padding: 0 8% 0 0\">\n\t\t\t<div class=\"mkdf-section-title-holder countries mkdf-st-standard mkdf-st-title-left mkdf-st-normal-space \" >\n\t<div class=\"mkdf-st-inner\">\n        \t\t\t\t\t<h3 class=\"mkdf-st-title\" >\n\t\t\t\tDas Vereinigte K\u00f6nigreich lag noch nie so nahe\t\t\t<\/h3>\n\t\t\t\t\t<\/div>\n<\/div>[vc_empty_space height=&#8220;20px&#8220;][vc_column_text]Wir haben &#8222;step by step&#8220; Entwicklung und Ausformung des Brexit-Ph\u00e4nomens verfolgt. Flexibilit\u00e4t und der Wille, neue Herausforderungen zu meistern, haben den durchgehenden Fluss der G\u00fcter von und in die UK garantiert. Dank der kostbaren Zusammenarbeit mit unseren Partnern konnten wir ein mittlerweile bew\u00e4hrtes Verfahren entwickeln, mit dem wir Import- und Exportgesch\u00e4fte in die UK auf transparente Weise abwickeln.[\/vc_column_text][vc_empty_space height=&#8220;25px&#8220;]\t\t<\/div>\n\t<\/div>\n<\/div><\/div>[\/vc_column][vc_column offset=&#8220;vc_col-lg-6&#8243;][vc_single_image image=&#8220;11310&#8243; img_size=&#8220;full&#8220;][\/vc_column][\/vc_row][vc_row row_btt_skin=&#8220;light&#8220; row_background_text_position=&#8220;front&#8220;][vc_column][vc_empty_space height=&#8220;50px&#8220;][\/vc_column][\/vc_row][vc_row equal_height=&#8220;yes&#8220; content_placement=&#8220;middle&#8220; row_content_width=&#8220;grid&#8220; row_btt_skin=&#8220;light&#8220; row_background_text_position=&#8220;front&#8220; el_class=&#8220;section-row-padding-bottom&#8220;][vc_column offset=&#8220;vc_col-lg-6&#8243; el_class=&#8220;vc_col-sm-push-6&#8243;]<div class=\"mkdf-elements-holder   mkdf-one-column  mkdf-responsive-mode-768 \" ><div class=\"mkdf-eh-item    \"  data-item-class=\"mkdf-eh-custom-1231\" data-769-1024=\"0px 0px 0px 0px\" data-681-768=\"0px 0px 0px 0px\" data-680=\"0px 0px 0px 0px\">\n\t<div class=\"mkdf-eh-item-inner\">\n\t\t<div class=\"mkdf-eh-item-content mkdf-eh-custom-1231\" style=\"padding: 0 8% 0\">\n\t\t\t<div class=\"mkdf-section-title-holder countries mkdf-st-standard mkdf-st-title-left mkdf-st-normal-space \" >\n\t<div class=\"mkdf-st-inner\">\n        \t\t\t\t\t<h3 class=\"mkdf-st-title\" >\n\t\t\t\tTRANSPORT NACH UND VON GRIECHENLAND\t\t\t<\/h3>\n\t\t\t\t\t<\/div>\n<\/div>[vc_empty_space height=&#8220;20px&#8220;][vc_column_text]Wir interessieren uns besonders f\u00fcr die Routen von und nach der hellenischen Halbinsel: Griechenland ist seit mehr als einem Jahrzehnt ein funktionierendes Gesch\u00e4ft f\u00fcr intermodale Aktivit\u00e4ten. Eine Fl\u00e4che von 3000 Quadratmetern, die von Lagerhallen im Eisenbahnterminal von Padua bedeckt sind, sind strategisch f\u00fcr die Handhabung und Optimierung des Flusses von Europa &#8211; Griechenland und umgekehrt.[\/vc_column_text][vc_empty_space height=&#8220;25px&#8220;]\t\t<\/div>\n\t<\/div>\n<\/div><\/div>[\/vc_column][vc_column offset=&#8220;vc_col-lg-6&#8243; el_class=&#8220;vc_col-sm-pull-6&#8243;][vc_single_image image=&#8220;11144&#8243; img_size=&#8220;full&#8220;][\/vc_column][\/vc_row][\/vc_section][vc_row row_btt_skin=&#8220;light&#8220; row_background_text_position=&#8220;front&#8220;][vc_column][vc_empty_space height=&#8220;40px&#8220;][\/vc_column][\/vc_row]<\/p>\n<\/section>","protected":false},"excerpt":{"rendered":"<p>[vc_section el_class=&#8220;padding-section&#8220; css=&#8220;.vc_custom_1621849105935{padding-bottom: 0px !important;}&#8220;][vc_row equal_height=&#8220;yes&#8220; content_placement=&#8220;middle&#8220; row_content_width=&#8220;grid&#8220; row_btt_skin=&#8220;light&#8220; row_background_text_position=&#8220;front&#8220;][vc_column offset=&#8220;vc_col-lg-6&#8243;][\/vc_column][vc_column offset=&#8220;vc_col-lg-6&#8243;][vc_single_image image=&#8220;11310&#8243; img_size=&#8220;full&#8220;][\/vc_column][\/vc_row][vc_row row_btt_skin=&#8220;light&#8220; row_background_text_position=&#8220;front&#8220;][vc_column][vc_empty_space height=&#8220;50px&#8220;][\/vc_column][\/vc_row][vc_row equal_height=&#8220;yes&#8220; content_placement=&#8220;middle&#8220; row_content_width=&#8220;grid&#8220; row_btt_skin=&#8220;light&#8220; row_background_text_position=&#8220;front&#8220; el_class=&#8220;section-row-padding-bottom&#8220;][vc_column offset=&#8220;vc_col-lg-6&#8243; el_class=&#8220;vc_col-sm-push-6&#8243;][\/vc_column][vc_column offset=&#8220;vc_col-lg-6&#8243; el_class=&#8220;vc_col-sm-pull-6&#8243;][vc_single_image image=&#8220;11144&#8243; img_size=&#8220;full&#8220;][\/vc_column][\/vc_row][\/vc_section][vc_row row_btt_skin=&#8220;light&#8220; row_background_text_position=&#8220;front&#8220;][vc_column][vc_empty_space height=&#8220;40px&#8220;][\/vc_column][\/vc_row]<\/p>\n","protected":false},"author":1,"featured_media":0,"parent":0,"menu_order":0,"comment_status":"closed","ping_status":"closed","template":"full-width.php","meta":{"inline_featured_image":false,"footnotes":""},"class_list":["post-11718","page","type-page","status-publish","hentry"],"yoast_head":"<!-- This site is optimized with the Yoast SEO plugin v19.9 - https:\/\/yoast.com\/wordpress\/plugins\/seo\/ -->\n<title>Gro\u00dfbritanien und Griechenland, Dissegna Logistics<\/title>\n<meta name=\"description\" content=\"Wir haben auch jetzt nach dem Brexit einen direkten Draht nach Griechenland und Gro\u00dfbritannien. Vertrauen Sie uns Ihre Waren an und wir werden den besten Weg zu Ihrem Ziel studieren.\" \/>\n<meta name=\"robots\" content=\"index, follow, max-snippet:-1, max-image-preview:large, max-video-preview:-1\" \/>\n<link rel=\"canonical\" href=\"https:\/\/www.dissegna.com\/de\/spezialrouten\/\" \/>\n<meta property=\"og:locale\" content=\"de_DE\" \/>\n<meta property=\"og:type\" content=\"article\" \/>\n<meta property=\"og:title\" content=\"Gro\u00dfbritanien und Griechenland, Dissegna Logistics\" \/>\n<meta property=\"og:description\" content=\"Wir haben auch jetzt nach dem Brexit einen direkten Draht nach Griechenland und Gro\u00dfbritannien. Vertrauen Sie uns Ihre Waren an und wir werden den besten Weg zu Ihrem Ziel studieren.\" \/>\n<meta property=\"og:url\" content=\"https:\/\/www.dissegna.com\/de\/spezialrouten\/\" \/>\n<meta property=\"og:site_name\" content=\"Dissegna\" \/>\n<meta property=\"article:modified_time\" content=\"2021-07-23T12:50:12+00:00\" \/>\n<meta name=\"twitter:card\" content=\"summary_large_image\" \/>\n<meta name=\"twitter:label1\" content=\"Gesch\u00e4tzte Lesezeit\" \/>\n\t<meta name=\"twitter:data1\" content=\"1\u00a0Minute\" \/>\n<script type=\"application\/ld+json\" class=\"yoast-schema-graph\">{\"@context\":\"https:\/\/schema.org\",\"@graph\":[{\"@type\":\"WebPage\",\"@id\":\"https:\/\/www.dissegna.com\/de\/spezialrouten\/\",\"url\":\"https:\/\/www.dissegna.com\/de\/spezialrouten\/\",\"name\":\"Gro\u00dfbritanien und Griechenland, Dissegna Logistics\",\"isPartOf\":{\"@id\":\"https:\/\/www.dissegna.com\/#website\"},\"datePublished\":\"2021-03-17T20:29:09+00:00\",\"dateModified\":\"2021-07-23T12:50:12+00:00\",\"description\":\"Wir haben auch jetzt nach dem Brexit einen direkten Draht nach Griechenland und Gro\u00dfbritannien. Vertrauen Sie uns Ihre Waren an und wir werden den besten Weg zu Ihrem Ziel studieren.\",\"breadcrumb\":{\"@id\":\"https:\/\/www.dissegna.com\/de\/spezialrouten\/#breadcrumb\"},\"inLanguage\":\"de\",\"potentialAction\":[{\"@type\":\"ReadAction\",\"target\":[\"https:\/\/www.dissegna.com\/de\/spezialrouten\/\"]}]},{\"@type\":\"BreadcrumbList\",\"@id\":\"https:\/\/www.dissegna.com\/de\/spezialrouten\/#breadcrumb\",\"itemListElement\":[{\"@type\":\"ListItem\",\"position\":1,\"name\":\"Home\",\"item\":\"https:\/\/www.dissegna.com\/de\/\"},{\"@type\":\"ListItem\",\"position\":2,\"name\":\"Spezialrouten\"}]},{\"@type\":\"WebSite\",\"@id\":\"https:\/\/www.dissegna.com\/#website\",\"url\":\"https:\/\/www.dissegna.com\/\",\"name\":\"Dissegna\",\"description\":\"\",\"potentialAction\":[{\"@type\":\"SearchAction\",\"target\":{\"@type\":\"EntryPoint\",\"urlTemplate\":\"https:\/\/www.dissegna.com\/?s={search_term_string}\"},\"query-input\":\"required name=search_term_string\"}],\"inLanguage\":\"de\"}]}<\/script>\n<!-- \/ Yoast SEO plugin. -->","yoast_head_json":{"title":"Gro\u00dfbritanien und Griechenland, Dissegna Logistics","description":"Wir haben auch jetzt nach dem Brexit einen direkten Draht nach Griechenland und Gro\u00dfbritannien. Vertrauen Sie uns Ihre Waren an und wir werden den besten Weg zu Ihrem Ziel studieren.","robots":{"index":"index","follow":"follow","max-snippet":"max-snippet:-1","max-image-preview":"max-image-preview:large","max-video-preview":"max-video-preview:-1"},"canonical":"https:\/\/www.dissegna.com\/de\/spezialrouten\/","og_locale":"de_DE","og_type":"article","og_title":"Gro\u00dfbritanien und Griechenland, Dissegna Logistics","og_description":"Wir haben auch jetzt nach dem Brexit einen direkten Draht nach Griechenland und Gro\u00dfbritannien. Vertrauen Sie uns Ihre Waren an und wir werden den besten Weg zu Ihrem Ziel studieren.","og_url":"https:\/\/www.dissegna.com\/de\/spezialrouten\/","og_site_name":"Dissegna","article_modified_time":"2021-07-23T12:50:12+00:00","twitter_card":"summary_large_image","twitter_misc":{"Gesch\u00e4tzte Lesezeit":"1\u00a0Minute"},"schema":{"@context":"https:\/\/schema.org","@graph":[{"@type":"WebPage","@id":"https:\/\/www.dissegna.com\/de\/spezialrouten\/","url":"https:\/\/www.dissegna.com\/de\/spezialrouten\/","name":"Gro\u00dfbritanien und Griechenland, Dissegna Logistics","isPartOf":{"@id":"https:\/\/www.dissegna.com\/#website"},"datePublished":"2021-03-17T20:29:09+00:00","dateModified":"2021-07-23T12:50:12+00:00","description":"Wir haben auch jetzt nach dem Brexit einen direkten Draht nach Griechenland und Gro\u00dfbritannien. Vertrauen Sie uns Ihre Waren an und wir werden den besten Weg zu Ihrem Ziel studieren.","breadcrumb":{"@id":"https:\/\/www.dissegna.com\/de\/spezialrouten\/#breadcrumb"},"inLanguage":"de","potentialAction":[{"@type":"ReadAction","target":["https:\/\/www.dissegna.com\/de\/spezialrouten\/"]}]},{"@type":"BreadcrumbList","@id":"https:\/\/www.dissegna.com\/de\/spezialrouten\/#breadcrumb","itemListElement":[{"@type":"ListItem","position":1,"name":"Home","item":"https:\/\/www.dissegna.com\/de\/"},{"@type":"ListItem","position":2,"name":"Spezialrouten"}]},{"@type":"WebSite","@id":"https:\/\/www.dissegna.com\/#website","url":"https:\/\/www.dissegna.com\/","name":"Dissegna","description":"","potentialAction":[{"@type":"SearchAction","target":{"@type":"EntryPoint","urlTemplate":"https:\/\/www.dissegna.com\/?s={search_term_string}"},"query-input":"required name=search_term_string"}],"inLanguage":"de"}]}},"_links":{"self":[{"href":"https:\/\/www.dissegna.com\/de\/wp-json\/wp\/v2\/pages\/11718","targetHints":{"allow":["GET"]}}],"collection":[{"href":"https:\/\/www.dissegna.com\/de\/wp-json\/wp\/v2\/pages"}],"about":[{"href":"https:\/\/www.dissegna.com\/de\/wp-json\/wp\/v2\/types\/page"}],"author":[{"embeddable":true,"href":"https:\/\/www.dissegna.com\/de\/wp-json\/wp\/v2\/users\/1"}],"replies":[{"embeddable":true,"href":"https:\/\/www.dissegna.com\/de\/wp-json\/wp\/v2\/comments?post=11718"}],"version-history":[{"count":4,"href":"https:\/\/www.dissegna.com\/de\/wp-json\/wp\/v2\/pages\/11718\/revisions"}],"predecessor-version":[{"id":11934,"href":"https:\/\/www.dissegna.com\/de\/wp-json\/wp\/v2\/pages\/11718\/revisions\/11934"}],"wp:attachment":[{"href":"https:\/\/www.dissegna.com\/de\/wp-json\/wp\/v2\/media?parent=11718"}],"curies":[{"name":"wp","href":"https:\/\/api.w.org\/{rel}","templated":true}]}}