{"id":11701,"date":"2021-02-16T17:31:41","date_gmt":"2021-02-16T17:31:41","guid":{"rendered":"http:\/\/dissegna.com\/logistica\/"},"modified":"2021-08-02T14:50:51","modified_gmt":"2021-08-02T14:50:51","slug":"logistik","status":"publish","type":"page","link":"https:\/\/www.dissegna.com\/de\/logistik\/","title":{"rendered":"Logistik"},"content":{"rendered":"<section class=\"wpb-content-wrapper\"><p>[vc_section el_class=&#8220;padding-section&#8220; css=&#8220;.vc_custom_1621849196062{padding-bottom: 0px !important;}&#8220;][vc_row equal_height=&#8220;yes&#8220; content_placement=&#8220;middle&#8220; row_content_width=&#8220;grid&#8220; row_btt_skin=&#8220;light&#8220; row_background_text_position=&#8220;front&#8220;][vc_column offset=&#8220;vc_col-lg-6&#8243;]<div class=\"mkdf-elements-holder   mkdf-one-column  mkdf-responsive-mode-768 \" ><div class=\"mkdf-eh-item    \"  data-item-class=\"mkdf-eh-custom-2395\" data-769-1024=\"0px 0px 0px 0px\" data-681-768=\"0px 0px 0px 0px\" data-680=\"0px 0px 0px 0px\">\n\t<div class=\"mkdf-eh-item-inner\">\n\t\t<div class=\"mkdf-eh-item-content mkdf-eh-custom-2395\" style=\"padding: 0 8% 0 0\">\n\t\t\t<div class=\"mkdf-section-title-holder  mkdf-st-standard mkdf-st-title-left mkdf-st-normal-space \" >\n\t<div class=\"mkdf-st-inner\">\n        \t\t\t\t\t<h3 class=\"mkdf-st-title\" >\n\t\t\t\tLagerlogistik\t\t\t<\/h3>\n\t\t\t\t\t\t\t<h5 class=\"mkdf-st-text\" >\n\t\t\t\tWir besorgen Ihren Lagerungsbedarf bis zur letzten Meile.\t\t\t<\/h5>\n\t\t\t<\/div>\n<\/div>[vc_empty_space height=&#8220;10px&#8220;][vc_column_text]Beim Logistikgesch\u00e4ft geht es um Zuverl\u00e4ssigkeit, Pr\u00e4zision und Sorgfalt beim G\u00fcterumschlag. Wir sind nicht nur Transportdienstleister, sondern bieten unseren Kunden auch digital unterst\u00fctzte Lagerlogistik. Wir sind Ihr Ansprechpartner f\u00fcr Empfang, Lagerung, Transport der G\u00fcter und die systematische Abfertigung der Frachtst\u00fccke. Unsere hochmodernen Trackings- und \u00dcberwachungstools garantieren die vollst\u00e4ndige Sicherheit der gelagerten G\u00fcter.<br \/>\nUnser Logistik-Hub direkt am Interporto von Padua besitzt:<\/p>\n<ul class=\"custom-list\">\n<li>3000 qm \u00fcberdachte Lagerfl\u00e4che;<\/li>\n<li>20 Ladebuchten;<\/li>\n<li>Gro\u00dfer Parkplatz f\u00fcr 100 Anh\u00e4nger.<\/li>\n<\/ul>\n<p>Der Umschlagplatz in Padua ist der ideale Standort f\u00fcr die Anbindung Italiens mit ganz Europa, mit besonderer Ber\u00fccksichtigung von Ruhrgebiet, BeNeLux, UK und Skandinavien.[\/vc_column_text]<a itemprop=\"url\" href=\"https:\/\/logistics.dissegna.com\/preisangabe\" target=\"_blank\" style=\"color: #1d3053;background-color: #f4e62b;border-color: #f4e62b;margin: 30px 0px 0px 0px;padding: 7px 38px\" class=\"mkdf-btn mkdf-btn-medium mkdf-btn-solid mkdf-btn-custom-hover-color\" data-hover-color=\"#1d3053\" >\n    <span class=\"mkdf-btn-text\">Kontaktieren Sie uns jetzt<\/span>\n    <\/a>[vc_empty_space height=&#8220;25px&#8220;]\t\t<\/div>\n\t<\/div>\n<\/div><\/div>[\/vc_column][vc_column offset=&#8220;vc_col-lg-6&#8243;][vc_gmaps link=&#8220;#E-8_JTNDaWZyYW1lJTIwd2lkdGglM0QlMjIxMDAlMjUlMjIlMjBoZWlnaHQlM0QlMjI2MDAlMjIlMjBmcmFtZWJvcmRlciUzRCUyMjAlMjIlMjBzY3JvbGxpbmclM0QlMjJubyUyMiUyMG1hcmdpbmhlaWdodCUzRCUyMjAlMjIlMjBtYXJnaW53aWR0aCUzRCUyMjAlMjIlMjBzcmMlM0QlMjJodHRwcyUzQSUyRiUyRm1hcHMuZ29vZ2xlLmNvbSUyRm1hcHMlM0Z3aWR0aCUzRDEwMCUyNTI1JTI2YW1wJTNCaGVpZ2h0JTNENjAwJTI2YW1wJTNCaGwlM0RlbiUyNmFtcCUzQnElM0R2aWElMjUyMG51b3ZhJTI1MjB6ZWxhbmRhJTI1MjA4JTI1MjBwYWRvdmElMkIlMjhEaXNzZWduYSUyNTIwTG9naXN0aWNzJTI5JTI2YW1wJTNCdCUzRGslMjZhbXAlM0J6JTNEMTQlMjZhbXAlM0JpZSUzRFVURjglMjZhbXAlM0Jpd2xvYyUzREIlMjZhbXAlM0JvdXRwdXQlM0RlbWJlZCUyMiUzRSUzQyUyRmlmcmFtZSUzRQ==&#8220; size=&#8220;500&#8243;][\/vc_column][\/vc_row][vc_row row_btt_skin=&#8220;light&#8220; row_background_text_position=&#8220;front&#8220;][vc_column][vc_empty_space height=&#8220;50px&#8220;][\/vc_column][\/vc_row][vc_row equal_height=&#8220;yes&#8220; rtl_reverse=&#8220;yes&#8220; content_placement=&#8220;middle&#8220; row_content_width=&#8220;grid&#8220; row_btt_skin=&#8220;light&#8220; row_background_text_position=&#8220;front&#8220; css=&#8220;.vc_custom_1619080667121{padding-bottom: 120px !important;}&#8220;][vc_column offset=&#8220;vc_col-lg-6&#8243; el_class=&#8220;vc_col-sm-push-6&#8243;]<div class=\"mkdf-elements-holder   mkdf-one-column  mkdf-responsive-mode-768 \" ><div class=\"mkdf-eh-item    \"  data-item-class=\"mkdf-eh-custom-8428\" data-769-1024=\"0px 0px 0px 0px\" data-681-768=\"0px 0px 0px 0px\" data-680=\"0px 0px 0px 0px\">\n\t<div class=\"mkdf-eh-item-inner\">\n\t\t<div class=\"mkdf-eh-item-content mkdf-eh-custom-8428\" style=\"padding: 0 8% 0\">\n\t\t\t<div class=\"mkdf-section-title-holder  mkdf-st-standard mkdf-st-title-left mkdf-st-normal-space \" >\n\t<div class=\"mkdf-st-inner\">\n        \t\t\t\t\t<h3 class=\"mkdf-st-title\" >\n\t\t\t\tDirekter Draht zu Zollbeh\u00f6rden\t\t\t<\/h3>\n\t\t\t\t\t\t\t<h5 class=\"mkdf-st-text\" >\n\t\t\t\t\u00dcberlassen Sie Dokumente und B\u00fcrokratie uns.\t\t\t<\/h5>\n\t\t\t<\/div>\n<\/div>[vc_empty_space height=&#8220;10px&#8220;][vc_column_text]<strong>Zollabwicklungen waren noch nie so problemlos<\/strong>.<br \/>\nDank solider Partnerschaften \u00fcberwinden wir Grenzen und sorgen f\u00fcr den unterbrechungsfreien Durchgang der G\u00fcter.<br \/>\nAuch die Herausforderung des Brexit sind wir angegangen und haben sie gemeistert: Im Folgenden beschreiben wir Ihnen das Prozedere, um problemlos Export- und Importgesch\u00e4fte mit dem Vereinigten K\u00f6nigreich durchzuf\u00fchren.[\/vc_column_text]<a itemprop=\"url\" href=\"https:\/\/logistics.dissegna.com\/preisangabe\" target=\"_blank\" style=\"color: #1d3053;background-color: #f4e62b;border-color: #f4e62b;margin: 30px 0px 0px 0px;padding: 7px 38px\" class=\"mkdf-btn mkdf-btn-medium mkdf-btn-solid mkdf-btn-custom-hover-color\" data-hover-color=\"#1d3053\" >\n    <span class=\"mkdf-btn-text\">Kontaktieren Sie uns jetzt<\/span>\n    <\/a>[vc_empty_space height=&#8220;25px&#8220;]\t\t<\/div>\n\t<\/div>\n<\/div><\/div>[\/vc_column][vc_column offset=&#8220;vc_col-lg-6&#8243; el_class=&#8220;vc_col-sm-pull-6&#8243;][vc_single_image image=&#8220;9976&#8243; img_size=&#8220;full&#8220;][\/vc_column][\/vc_row][\/vc_section]<\/p>\n<\/section>","protected":false},"excerpt":{"rendered":"<p>[vc_section el_class=&#8220;padding-section&#8220; css=&#8220;.vc_custom_1621849196062{padding-bottom: 0px !important;}&#8220;][vc_row equal_height=&#8220;yes&#8220; content_placement=&#8220;middle&#8220; row_content_width=&#8220;grid&#8220; row_btt_skin=&#8220;light&#8220; row_background_text_position=&#8220;front&#8220;][vc_column offset=&#8220;vc_col-lg-6&#8243;][\/vc_column][vc_column offset=&#8220;vc_col-lg-6&#8243;][vc_gmaps link=&#8220;#E-8_JTNDaWZyYW1lJTIwd2lkdGglM0QlMjIxMDAlMjUlMjIlMjBoZWlnaHQlM0QlMjI2MDAlMjIlMjBmcmFtZWJvcmRlciUzRCUyMjAlMjIlMjBzY3JvbGxpbmclM0QlMjJubyUyMiUyMG1hcmdpbmhlaWdodCUzRCUyMjAlMjIlMjBtYXJnaW53aWR0aCUzRCUyMjAlMjIlMjBzcmMlM0QlMjJodHRwcyUzQSUyRiUyRm1hcHMuZ29vZ2xlLmNvbSUyRm1hcHMlM0Z3aWR0aCUzRDEwMCUyNTI1JTI2YW1wJTNCaGVpZ2h0JTNENjAwJTI2YW1wJTNCaGwlM0RlbiUyNmFtcCUzQnElM0R2aWElMjUyMG51b3ZhJTI1MjB6ZWxhbmRhJTI1MjA4JTI1MjBwYWRvdmElMkIlMjhEaXNzZWduYSUyNTIwTG9naXN0aWNzJTI5JTI2YW1wJTNCdCUzRGslMjZhbXAlM0J6JTNEMTQlMjZhbXAlM0JpZSUzRFVURjglMjZhbXAlM0Jpd2xvYyUzREIlMjZhbXAlM0JvdXRwdXQlM0RlbWJlZCUyMiUzRSUzQyUyRmlmcmFtZSUzRQ==&#8220; size=&#8220;500&#8243;][\/vc_column][\/vc_row][vc_row row_btt_skin=&#8220;light&#8220; row_background_text_position=&#8220;front&#8220;][vc_column][vc_empty_space height=&#8220;50px&#8220;][\/vc_column][\/vc_row][vc_row equal_height=&#8220;yes&#8220; rtl_reverse=&#8220;yes&#8220; content_placement=&#8220;middle&#8220; row_content_width=&#8220;grid&#8220; row_btt_skin=&#8220;light&#8220; row_background_text_position=&#8220;front&#8220; css=&#8220;.vc_custom_1619080667121{padding-bottom: 120px !important;}&#8220;][vc_column offset=&#8220;vc_col-lg-6&#8243; el_class=&#8220;vc_col-sm-push-6&#8243;][\/vc_column][vc_column offset=&#8220;vc_col-lg-6&#8243; el_class=&#8220;vc_col-sm-pull-6&#8243;][vc_single_image image=&#8220;9976&#8243; img_size=&#8220;full&#8220;][\/vc_column][\/vc_row][\/vc_section]<\/p>\n","protected":false},"author":1,"featured_media":0,"parent":0,"menu_order":0,"comment_status":"closed","ping_status":"closed","template":"full-width.php","meta":{"inline_featured_image":false,"footnotes":""},"class_list":["post-11701","page","type-page","status-publish","hentry"],"yoast_head":"<!-- This site is optimized with the Yoast SEO plugin v19.9 - https:\/\/yoast.com\/wordpress\/plugins\/seo\/ -->\n<title>Zolldienstleistungen, Dissegna Logistics\u2028<\/title>\n<meta name=\"description\" content=\"Die Abwicklung von Zollformalit\u00e4ten, auch au\u00dferhalb der EU, ist unsere Visitenkarte f\u00fcr unsere kompletten und ganzeinheitlichen Logistikl\u00f6sungen.\" \/>\n<meta name=\"robots\" content=\"index, follow, max-snippet:-1, max-image-preview:large, max-video-preview:-1\" \/>\n<link rel=\"canonical\" href=\"https:\/\/www.dissegna.com\/de\/logistik\/\" \/>\n<meta property=\"og:locale\" content=\"de_DE\" \/>\n<meta property=\"og:type\" content=\"article\" \/>\n<meta property=\"og:title\" content=\"Zolldienstleistungen, Dissegna Logistics\u2028\" \/>\n<meta property=\"og:description\" content=\"Die Abwicklung von Zollformalit\u00e4ten, auch au\u00dferhalb der EU, ist unsere Visitenkarte f\u00fcr unsere kompletten und ganzeinheitlichen Logistikl\u00f6sungen.\" \/>\n<meta property=\"og:url\" content=\"https:\/\/www.dissegna.com\/de\/logistik\/\" \/>\n<meta property=\"og:site_name\" content=\"Dissegna\" \/>\n<meta property=\"article:modified_time\" content=\"2021-08-02T14:50:51+00:00\" \/>\n<meta name=\"twitter:card\" content=\"summary_large_image\" \/>\n<meta name=\"twitter:label1\" content=\"Gesch\u00e4tzte Lesezeit\" \/>\n\t<meta name=\"twitter:data1\" content=\"2\u00a0Minuten\" \/>\n<script type=\"application\/ld+json\" class=\"yoast-schema-graph\">{\"@context\":\"https:\/\/schema.org\",\"@graph\":[{\"@type\":\"WebPage\",\"@id\":\"https:\/\/www.dissegna.com\/de\/logistik\/\",\"url\":\"https:\/\/www.dissegna.com\/de\/logistik\/\",\"name\":\"Zolldienstleistungen, Dissegna Logistics\\u2028\",\"isPartOf\":{\"@id\":\"https:\/\/www.dissegna.com\/#website\"},\"datePublished\":\"2021-02-16T17:31:41+00:00\",\"dateModified\":\"2021-08-02T14:50:51+00:00\",\"description\":\"Die Abwicklung von Zollformalit\u00e4ten, auch au\u00dferhalb der EU, ist unsere Visitenkarte f\u00fcr unsere kompletten und ganzeinheitlichen Logistikl\u00f6sungen.\",\"breadcrumb\":{\"@id\":\"https:\/\/www.dissegna.com\/de\/logistik\/#breadcrumb\"},\"inLanguage\":\"de\",\"potentialAction\":[{\"@type\":\"ReadAction\",\"target\":[\"https:\/\/www.dissegna.com\/de\/logistik\/\"]}]},{\"@type\":\"BreadcrumbList\",\"@id\":\"https:\/\/www.dissegna.com\/de\/logistik\/#breadcrumb\",\"itemListElement\":[{\"@type\":\"ListItem\",\"position\":1,\"name\":\"Home\",\"item\":\"https:\/\/www.dissegna.com\/de\/\"},{\"@type\":\"ListItem\",\"position\":2,\"name\":\"Logistik\"}]},{\"@type\":\"WebSite\",\"@id\":\"https:\/\/www.dissegna.com\/#website\",\"url\":\"https:\/\/www.dissegna.com\/\",\"name\":\"Dissegna\",\"description\":\"\",\"potentialAction\":[{\"@type\":\"SearchAction\",\"target\":{\"@type\":\"EntryPoint\",\"urlTemplate\":\"https:\/\/www.dissegna.com\/?s={search_term_string}\"},\"query-input\":\"required name=search_term_string\"}],\"inLanguage\":\"de\"}]}<\/script>\n<!-- \/ Yoast SEO plugin. -->","yoast_head_json":{"title":"Zolldienstleistungen, Dissegna Logistics\u2028","description":"Die Abwicklung von Zollformalit\u00e4ten, auch au\u00dferhalb der EU, ist unsere Visitenkarte f\u00fcr unsere kompletten und ganzeinheitlichen Logistikl\u00f6sungen.","robots":{"index":"index","follow":"follow","max-snippet":"max-snippet:-1","max-image-preview":"max-image-preview:large","max-video-preview":"max-video-preview:-1"},"canonical":"https:\/\/www.dissegna.com\/de\/logistik\/","og_locale":"de_DE","og_type":"article","og_title":"Zolldienstleistungen, Dissegna Logistics\u2028","og_description":"Die Abwicklung von Zollformalit\u00e4ten, auch au\u00dferhalb der EU, ist unsere Visitenkarte f\u00fcr unsere kompletten und ganzeinheitlichen Logistikl\u00f6sungen.","og_url":"https:\/\/www.dissegna.com\/de\/logistik\/","og_site_name":"Dissegna","article_modified_time":"2021-08-02T14:50:51+00:00","twitter_card":"summary_large_image","twitter_misc":{"Gesch\u00e4tzte Lesezeit":"2\u00a0Minuten"},"schema":{"@context":"https:\/\/schema.org","@graph":[{"@type":"WebPage","@id":"https:\/\/www.dissegna.com\/de\/logistik\/","url":"https:\/\/www.dissegna.com\/de\/logistik\/","name":"Zolldienstleistungen, Dissegna Logistics\u2028","isPartOf":{"@id":"https:\/\/www.dissegna.com\/#website"},"datePublished":"2021-02-16T17:31:41+00:00","dateModified":"2021-08-02T14:50:51+00:00","description":"Die Abwicklung von Zollformalit\u00e4ten, auch au\u00dferhalb der EU, ist unsere Visitenkarte f\u00fcr unsere kompletten und ganzeinheitlichen Logistikl\u00f6sungen.","breadcrumb":{"@id":"https:\/\/www.dissegna.com\/de\/logistik\/#breadcrumb"},"inLanguage":"de","potentialAction":[{"@type":"ReadAction","target":["https:\/\/www.dissegna.com\/de\/logistik\/"]}]},{"@type":"BreadcrumbList","@id":"https:\/\/www.dissegna.com\/de\/logistik\/#breadcrumb","itemListElement":[{"@type":"ListItem","position":1,"name":"Home","item":"https:\/\/www.dissegna.com\/de\/"},{"@type":"ListItem","position":2,"name":"Logistik"}]},{"@type":"WebSite","@id":"https:\/\/www.dissegna.com\/#website","url":"https:\/\/www.dissegna.com\/","name":"Dissegna","description":"","potentialAction":[{"@type":"SearchAction","target":{"@type":"EntryPoint","urlTemplate":"https:\/\/www.dissegna.com\/?s={search_term_string}"},"query-input":"required name=search_term_string"}],"inLanguage":"de"}]}},"_links":{"self":[{"href":"https:\/\/www.dissegna.com\/de\/wp-json\/wp\/v2\/pages\/11701","targetHints":{"allow":["GET"]}}],"collection":[{"href":"https:\/\/www.dissegna.com\/de\/wp-json\/wp\/v2\/pages"}],"about":[{"href":"https:\/\/www.dissegna.com\/de\/wp-json\/wp\/v2\/types\/page"}],"author":[{"embeddable":true,"href":"https:\/\/www.dissegna.com\/de\/wp-json\/wp\/v2\/users\/1"}],"replies":[{"embeddable":true,"href":"https:\/\/www.dissegna.com\/de\/wp-json\/wp\/v2\/comments?post=11701"}],"version-history":[{"count":4,"href":"https:\/\/www.dissegna.com\/de\/wp-json\/wp\/v2\/pages\/11701\/revisions"}],"predecessor-version":[{"id":12261,"href":"https:\/\/www.dissegna.com\/de\/wp-json\/wp\/v2\/pages\/11701\/revisions\/12261"}],"wp:attachment":[{"href":"https:\/\/www.dissegna.com\/de\/wp-json\/wp\/v2\/media?parent=11701"}],"curies":[{"name":"wp","href":"https:\/\/api.w.org\/{rel}","templated":true}]}}